{"id":810,"date":"2022-08-08T12:41:25","date_gmt":"2022-08-08T12:41:25","guid":{"rendered":"https:\/\/xn--dlggs-jua7b.ch\/?page_id=810"},"modified":"2024-11-28T12:17:19","modified_gmt":"2024-11-28T11:17:19","slug":"der-mechanismus-von-antikythera","status":"publish","type":"page","link":"https:\/\/xn--dlggs-jua7b.ch\/?page_id=810","title":{"rendered":"Der Mechanismus von Antikythera"},"content":{"rendered":"\n<p>Die Weltgeschichte wird neu geschrieben. Hier zwar unter &#171;Gag des Tages&#187;, aber durchaus ernst gemeint und &#8211; meiner Meinung nach &#8211; hochinteressant. <br>Der gesamte Mechanismus d\u00fcrfte etwa 31,5 cm \u00d7 19 cm \u00d7 10 cm gross gewesen sein. Eine Warnung: man kann bei diesem Thema <em>problemlos<\/em> Tage, ja gar Wochen verweilen\u2026 have fun:<\/p>\n\n\n\n<figure class=\"wp-block-image size-full is-resized\"><a href=\"https:\/\/www.srf.ch\/audio\/100-sekunden-wissen\/das-raederwerk-von-antikythera?id=10712361\" target=\"_blank\" rel=\"noreferrer noopener\"><img loading=\"lazy\" decoding=\"async\" width=\"624\" height=\"351\" src=\"https:\/\/xn--dlggs-jua7b.ch\/wp-content\/uploads\/2023\/08\/343141.mechanismus.jpg\" alt=\"\" class=\"wp-image-1449\" style=\"width:610px;height:auto\" srcset=\"https:\/\/xn--dlggs-jua7b.ch\/wp-content\/uploads\/2023\/08\/343141.mechanismus.jpg 624w, https:\/\/xn--dlggs-jua7b.ch\/wp-content\/uploads\/2023\/08\/343141.mechanismus-300x169.jpg 300w\" sizes=\"auto, (max-width: 624px) 100vw, 624px\" \/><\/a><figcaption class=\"wp-element-caption\">Quelle: Beitrag von SRF<\/figcaption><\/figure>\n\n\n\n<p>Bei <a rel=\"noreferrer noopener\" href=\"https:\/\/play.google.com\/store\/apps\/details?id=com.eternalgadgetry.ak2019\" target=\"_blank\">Google Play<\/a> oder im <a rel=\"noreferrer noopener\" href=\"https:\/\/apps.apple.com\/us\/app\/antikythera-mechanism-interact\/id1507567676\" target=\"_blank\">Apple Shop<\/a> als APP f\u00fcr&#8217;s Smartphone.<\/p>\n\n\n\n<p>&#8211; <strong><a href=\"https:\/\/youtu.be\/dRXI9KLImC4?list=PLZioPDnFPNsHnyxfygxA0to4RXv4_jDU2\" target=\"_blank\" rel=\"noreferrer noopener\">Zusammenschnitt &#171;Stand der Forschung&#187;<\/a> bei <a href=\"https:\/\/www.youtube.com\/@Clickspring\" target=\"_blank\" rel=\"noreferrer noopener\">Clickspring<\/a> von <a href=\"https:\/\/computerhistory.org\/profile\/tony-freeth\/\" target=\"_blank\" rel=\"noreferrer noopener\">Tony Freeth<\/a>. Pr\u00e4dikat sehenswert, automatisch generierte Untertitel.<\/strong><br>&#8211; <a href=\"https:\/\/de.wikipedia.org\/wiki\/Mechanismus_von_Antikythera\" target=\"_blank\" rel=\"noreferrer noopener\">Link auf die Wikipedia-Seite<\/a> (da werden Sie geholfen; guter Einstieg in ein komplexes Thema)<br>&#8211; Mein Lieblingsbeitrag zum Mechanismus von Antikythera ist der 2017 begonnene <a href=\"https:\/\/www.youtube.com\/playlist?list=PLZioPDnFPNsHnyxfygxA0to4RXv4_jDU2\" target=\"_blank\" rel=\"noreferrer noopener\">auf Jutuub hervorragend dokumentierte Nachbau von Clickspring<\/a>. Wer australisches Englisch versteht, wird dort sein Gl\u00fcck finden. <br>&#8211; Wem das noch nicht reicht: <strong>Der erste relevante Film<\/strong>, <a href=\"https:\/\/www.youtube.com\/watch?v=F1LbXSbxEJk\" target=\"_blank\" rel=\"noreferrer noopener\">Erkl\u00e4rung der R\u00fcckseite des Mechanismus<\/a>: Meton- und Saros-Zyklus (mit <a href=\"https:\/\/computerhistory.org\/profile\/tony-freeth\/\" data-type=\"link\" data-id=\"https:\/\/computerhistory.org\/profile\/tony-freeth\/\" target=\"_blank\" rel=\"noreferrer noopener\">Tony Freeth<\/a>, Englisch, deutsche Untertitel, 2008)<br>&#8211; <strong>Der zweite relevante Film<\/strong>, <a href=\"https:\/\/www.youtube.com\/watch?v=1ebB0tyrMa8\" target=\"_blank\" rel=\"noreferrer noopener\">Rekonstruktion des Planetariums, Vorderseite des Mechanismus<\/a> (von und mit <a href=\"https:\/\/computerhistory.org\/profile\/tony-freeth\/\" data-type=\"link\" data-id=\"https:\/\/computerhistory.org\/profile\/tony-freeth\/\" target=\"_blank\" rel=\"noreferrer noopener\">Tony Freeth<\/a>, Englisch, 2022)<br><\/p>\n\n\n\n<p>&#8230; Und David Bailey&#8217;s Kommentar zum <a rel=\"noreferrer noopener\" href=\"https:\/\/www.youtube.com\/watch?v=LKuLQRzrv2A\" target=\"_blank\">popul\u00e4rwissenschaftlichen Beitrag von Factnomenal<\/a>: &#171;&#8218;Ich glaube, dass die menschliche Spezies zahlreiche Zyklen des Wissens und der Unterdr\u00fcckung des Wissens durchlaufen hat. Wer weiss, was zum Beispiel mit der grossen Bibliothek in Alexandria verloren ging? Oder wie oft ist etwas \u00c4hnliches in den Nebeln der Vorgeschichte passiert? Wenn man sich die USA heute ansieht (nicht das einzige Beispiel, aber offensichtlich) mit ihrer Verherrlichung von Ignoranz und Aberglauben und ihrer Ablehnung von Wahrheit, Wissenschaft, B\u00fcchern und Faktizit\u00e4t im Allgemeinen, scheint es mir, dass wir in eine Unterdr\u00fcckungsphase eingetreten sind. <strong>&#171;Meine Unwissenheit ist genauso gut wie dein Verst\u00e4ndnis&#187; ist die giftige Gedankenform, die einen Niedergang signalisiert oder ausl\u00f6st. <\/strong>Mehr als die H\u00e4lfte der amerikanischen B\u00fcrger liest heute weniger als in der 6. Klasse und viele von ihnen w\u00e4ren bereit, den Rest von uns mit sich nach unten zu ziehen. Und einige, die intelligenter und gebildeter sind, stellen sich auf ihre Seite &#8211; aus offensichtlichen (und hinterh\u00e4ltigen) Gr\u00fcnden. <\/p>\n\n\n\n<p><br><strong>&#171;Alternative facts&#187; anyone? &#8211; thank you, no.<\/strong>&#8218;&#187;<\/p>\n","protected":false},"excerpt":{"rendered":"<p>Die Weltgeschichte wird neu geschrieben. Hier zwar unter &#171;Gag des Tages&#187;, aber durchaus ernst gemeint und &#8211; meiner Meinung nach &#8211; hochinteressant. Der gesamte Mechanismus d\u00fcrfte etwa 31,5 cm \u00d7 19 cm \u00d7 10 cm gross gewesen sein. Eine Warnung: man kann bei diesem Thema problemlos Tage, ja gar Wochen verweilen\u2026 have fun: Bei Google [&hellip;]<\/p>\n","protected":false},"author":2,"featured_media":0,"parent":0,"menu_order":0,"comment_status":"closed","ping_status":"closed","template":"","meta":{"footnotes":""},"class_list":["post-810","page","type-page","status-publish","hentry"],"_links":{"self":[{"href":"https:\/\/xn--dlggs-jua7b.ch\/index.php?rest_route=\/wp\/v2\/pages\/810","targetHints":{"allow":["GET"]}}],"collection":[{"href":"https:\/\/xn--dlggs-jua7b.ch\/index.php?rest_route=\/wp\/v2\/pages"}],"about":[{"href":"https:\/\/xn--dlggs-jua7b.ch\/index.php?rest_route=\/wp\/v2\/types\/page"}],"author":[{"embeddable":true,"href":"https:\/\/xn--dlggs-jua7b.ch\/index.php?rest_route=\/wp\/v2\/users\/2"}],"replies":[{"embeddable":true,"href":"https:\/\/xn--dlggs-jua7b.ch\/index.php?rest_route=%2Fwp%2Fv2%2Fcomments&post=810"}],"version-history":[{"count":15,"href":"https:\/\/xn--dlggs-jua7b.ch\/index.php?rest_route=\/wp\/v2\/pages\/810\/revisions"}],"predecessor-version":[{"id":2448,"href":"https:\/\/xn--dlggs-jua7b.ch\/index.php?rest_route=\/wp\/v2\/pages\/810\/revisions\/2448"}],"wp:attachment":[{"href":"https:\/\/xn--dlggs-jua7b.ch\/index.php?rest_route=%2Fwp%2Fv2%2Fmedia&parent=810"}],"curies":[{"name":"wp","href":"https:\/\/api.w.org\/{rel}","templated":true}]}}