{"id":417,"date":"2022-03-06T12:29:51","date_gmt":"2022-03-06T12:29:51","guid":{"rendered":"https:\/\/xn--dlggs-jua7b.ch\/?page_id=417"},"modified":"2024-12-14T18:53:30","modified_gmt":"2024-12-14T17:53:30","slug":"der-muldenkipper","status":"publish","type":"page","link":"https:\/\/xn--dlggs-jua7b.ch\/?page_id=417","title":{"rendered":"Der Muldenkipper"},"content":{"rendered":"\n<p>Lastwagen kennen eine Vielzahl unterschiedlicher Aufbauten. Und so bietet sich auch der Traktor D\u00f6l\u00fcggs daf\u00fcr an, einen Schwerlast-aufbau zu tragen. <\/p>\n\n\n\n<div class=\"wp-block-columns is-layout-flex wp-container-core-columns-is-layout-9d6595d7 wp-block-columns-is-layout-flex\">\n<div class=\"wp-block-column is-layout-flow wp-block-column-is-layout-flow\">\n<figure class=\"wp-block-image size-large\"><img loading=\"lazy\" decoding=\"async\" width=\"1024\" height=\"494\" src=\"https:\/\/xn--dlggs-jua7b.ch\/wp-content\/uploads\/2022\/03\/Zeichnung-Sattelschlepper-2001-1024x494.png\" alt=\"\" class=\"wp-image-420\" srcset=\"https:\/\/xn--dlggs-jua7b.ch\/wp-content\/uploads\/2022\/03\/Zeichnung-Sattelschlepper-2001-1024x494.png 1024w, https:\/\/xn--dlggs-jua7b.ch\/wp-content\/uploads\/2022\/03\/Zeichnung-Sattelschlepper-2001-300x145.png 300w, https:\/\/xn--dlggs-jua7b.ch\/wp-content\/uploads\/2022\/03\/Zeichnung-Sattelschlepper-2001-768x370.png 768w, https:\/\/xn--dlggs-jua7b.ch\/wp-content\/uploads\/2022\/03\/Zeichnung-Sattelschlepper-2001.png 1429w\" sizes=\"auto, (max-width: 1024px) 100vw, 1024px\" \/><figcaption class=\"wp-element-caption\">12V Hydraulikpumpe (75 A)  mit Reservoir und Funk-Fernbedienung, 4 Druck- respektive Zugzylinder<\/figcaption><\/figure>\n<\/div>\n\n\n\n<div class=\"wp-block-column is-layout-flow wp-block-column-is-layout-flow\">\n<figure class=\"wp-block-image size-large\"><img loading=\"lazy\" decoding=\"async\" width=\"1024\" height=\"768\" src=\"https:\/\/xn--dlggs-jua7b.ch\/wp-content\/uploads\/2022\/03\/PICT0003-1024x768.jpg\" alt=\"\" class=\"wp-image-421\" srcset=\"https:\/\/xn--dlggs-jua7b.ch\/wp-content\/uploads\/2022\/03\/PICT0003-1024x768.jpg 1024w, https:\/\/xn--dlggs-jua7b.ch\/wp-content\/uploads\/2022\/03\/PICT0003-300x225.jpg 300w, https:\/\/xn--dlggs-jua7b.ch\/wp-content\/uploads\/2022\/03\/PICT0003-768x576.jpg 768w, https:\/\/xn--dlggs-jua7b.ch\/wp-content\/uploads\/2022\/03\/PICT0003-1536x1152.jpg 1536w, https:\/\/xn--dlggs-jua7b.ch\/wp-content\/uploads\/2022\/03\/PICT0003-2048x1536.jpg 2048w, https:\/\/xn--dlggs-jua7b.ch\/wp-content\/uploads\/2022\/03\/PICT0003-1568x1176.jpg 1568w\" sizes=\"auto, (max-width: 1024px) 100vw, 1024px\" \/><\/figure>\n<\/div>\n<\/div>\n\n\n\n<p>Die Herausforderung dabei: Funktion wie bei einem &#171;richtigen&#187; Muldenkipper d.h. Mulde absetzen \/ laden und eben auch Mulde kippen. Und das Ganze bittesch\u00f6n hydraulisch! Andererseits muss die Konstruktion m\u00f6glichst einfach und leicht bleiben\u2026<\/p>\n\n\n\n<div class=\"wp-block-columns is-layout-flex wp-container-core-columns-is-layout-9d6595d7 wp-block-columns-is-layout-flex\">\n<div class=\"wp-block-column is-layout-flow wp-block-column-is-layout-flow\">\n<figure class=\"wp-block-image size-large\"><img loading=\"lazy\" decoding=\"async\" width=\"1024\" height=\"768\" src=\"https:\/\/xn--dlggs-jua7b.ch\/wp-content\/uploads\/2022\/03\/PICT0023-1024x768.jpg\" alt=\"\" class=\"wp-image-422\" srcset=\"https:\/\/xn--dlggs-jua7b.ch\/wp-content\/uploads\/2022\/03\/PICT0023-1024x768.jpg 1024w, https:\/\/xn--dlggs-jua7b.ch\/wp-content\/uploads\/2022\/03\/PICT0023-300x225.jpg 300w, https:\/\/xn--dlggs-jua7b.ch\/wp-content\/uploads\/2022\/03\/PICT0023-768x576.jpg 768w, https:\/\/xn--dlggs-jua7b.ch\/wp-content\/uploads\/2022\/03\/PICT0023-1536x1152.jpg 1536w, https:\/\/xn--dlggs-jua7b.ch\/wp-content\/uploads\/2022\/03\/PICT0023-2048x1536.jpg 2048w, https:\/\/xn--dlggs-jua7b.ch\/wp-content\/uploads\/2022\/03\/PICT0023-1568x1176.jpg 1568w\" sizes=\"auto, (max-width: 1024px) 100vw, 1024px\" \/><\/figure>\n<\/div>\n\n\n\n<div class=\"wp-block-column is-layout-flow wp-block-column-is-layout-flow\">\n<figure class=\"wp-block-image size-large\"><img loading=\"lazy\" decoding=\"async\" width=\"1024\" height=\"768\" src=\"https:\/\/xn--dlggs-jua7b.ch\/wp-content\/uploads\/2022\/03\/PICT0034-1024x768.jpg\" alt=\"\" class=\"wp-image-423\" srcset=\"https:\/\/xn--dlggs-jua7b.ch\/wp-content\/uploads\/2022\/03\/PICT0034-1024x768.jpg 1024w, https:\/\/xn--dlggs-jua7b.ch\/wp-content\/uploads\/2022\/03\/PICT0034-300x225.jpg 300w, https:\/\/xn--dlggs-jua7b.ch\/wp-content\/uploads\/2022\/03\/PICT0034-768x576.jpg 768w, https:\/\/xn--dlggs-jua7b.ch\/wp-content\/uploads\/2022\/03\/PICT0034-1536x1152.jpg 1536w, https:\/\/xn--dlggs-jua7b.ch\/wp-content\/uploads\/2022\/03\/PICT0034-2048x1536.jpg 2048w, https:\/\/xn--dlggs-jua7b.ch\/wp-content\/uploads\/2022\/03\/PICT0034-1568x1176.jpg 1568w, https:\/\/xn--dlggs-jua7b.ch\/wp-content\/uploads\/2022\/03\/PICT0034-800x600.jpg 800w, https:\/\/xn--dlggs-jua7b.ch\/wp-content\/uploads\/2022\/03\/PICT0034-620x465.jpg 620w, https:\/\/xn--dlggs-jua7b.ch\/wp-content\/uploads\/2022\/03\/PICT0034-400x300.jpg 400w\" sizes=\"auto, (max-width: 1024px) 100vw, 1024px\" \/><\/figure>\n<\/div>\n<\/div>\n\n\n\n<p>Die passende Mulde hab ich bei einem auf Muldenbau spezialisierten Betrieb im Rheintal, der Muco SE AG in Haag, anfertigen lassen: die machen das als &#171;Reklamemulde&#187; auf Mass. Der Aufbau erfolgte wie \u00fcblich bei Wenk Anh\u00e4ngerbau in St. Gallen. Der Aufbau muss aus Gewichtsgr\u00fcnden in Aluminium erfolgen, wobei er wegen den grossen Kr\u00e4ften der Druckzylinder recht massiv ausgelegt wurde.<\/p>\n\n\n\n<div class=\"wp-block-columns is-layout-flex wp-container-core-columns-is-layout-9d6595d7 wp-block-columns-is-layout-flex\">\n<div class=\"wp-block-column is-layout-flow wp-block-column-is-layout-flow\">\n<figure class=\"wp-block-image size-full\"><img loading=\"lazy\" decoding=\"async\" width=\"522\" height=\"348\" src=\"https:\/\/xn--dlggs-jua7b.ch\/wp-content\/uploads\/2022\/03\/374-7479_IMG.jpg\" alt=\"\" class=\"wp-image-424\" srcset=\"https:\/\/xn--dlggs-jua7b.ch\/wp-content\/uploads\/2022\/03\/374-7479_IMG.jpg 522w, https:\/\/xn--dlggs-jua7b.ch\/wp-content\/uploads\/2022\/03\/374-7479_IMG-300x200.jpg 300w\" sizes=\"auto, (max-width: 522px) 100vw, 522px\" \/><\/figure>\n<\/div>\n\n\n\n<div class=\"wp-block-column is-layout-flow wp-block-column-is-layout-flow\">\n<figure class=\"wp-block-image size-full\"><img loading=\"lazy\" decoding=\"async\" width=\"522\" height=\"348\" src=\"https:\/\/xn--dlggs-jua7b.ch\/wp-content\/uploads\/2022\/03\/385-8522_IMG.jpg\" alt=\"\" class=\"wp-image-425\" srcset=\"https:\/\/xn--dlggs-jua7b.ch\/wp-content\/uploads\/2022\/03\/385-8522_IMG.jpg 522w, https:\/\/xn--dlggs-jua7b.ch\/wp-content\/uploads\/2022\/03\/385-8522_IMG-300x200.jpg 300w\" sizes=\"auto, (max-width: 522px) 100vw, 522px\" \/><\/figure>\n<\/div>\n<\/div>\n\n\n\n<p>Und auch hier: der Muldenaufbau kann auf dem Traktor oder aber auch auf der <a href=\"https:\/\/xn--dlggs-jua7b.ch\/?page_id=393\">Transportachse<\/a> montiert werden &#8211; wobei aber nur in der Variante &#8218;Transportachse&#8216; auch wirklich eine angemessene Zuladung m\u00f6glich ist. Die Stromversorgung der Hydraulikpumpe erfolgt per speziell dickem Starkstromanschluss direkt auf den Pluspol des Anlassers, abgesichert mit 100 A. In der Transportachse wurden eine 105 AH Batterie, ein Ladeger\u00e4t, sowie eine automatische 220V-Kabelrolle (10 Meter) eingebaut. Letztere ist nat\u00fcrlich auch in Kombination mit <a href=\"https:\/\/xn--dlggs-jua7b.ch\/?page_id=368\">dem Bierfass<\/a> \u00e4usserst n\u00fctzlich.<\/p>\n\n\n\n<div class=\"wp-block-buttons is-layout-flex wp-block-buttons-is-layout-flex\">\n<div class=\"wp-block-button\"><a class=\"wp-block-button__link wp-element-button\" href=\"https:\/\/xn--dlggs-jua7b.ch\/\">Zur\u00fcck<\/a><\/div>\n<\/div>\n\n\n\n<p><\/p>\n","protected":false},"excerpt":{"rendered":"<p>Lastwagen kennen eine Vielzahl unterschiedlicher Aufbauten. Und so bietet sich auch der Traktor D\u00f6l\u00fcggs daf\u00fcr an, einen Schwerlast-aufbau zu tragen. Die Herausforderung dabei: Funktion wie bei einem &#171;richtigen&#187; Muldenkipper d.h. Mulde absetzen \/ laden und eben auch Mulde kippen. Und das Ganze bittesch\u00f6n hydraulisch! Andererseits muss die Konstruktion m\u00f6glichst einfach und leicht bleiben\u2026 Die passende [&hellip;]<\/p>\n","protected":false},"author":2,"featured_media":0,"parent":0,"menu_order":0,"comment_status":"closed","ping_status":"closed","template":"","meta":{"footnotes":""},"class_list":["post-417","page","type-page","status-publish","hentry"],"_links":{"self":[{"href":"https:\/\/xn--dlggs-jua7b.ch\/index.php?rest_route=\/wp\/v2\/pages\/417","targetHints":{"allow":["GET"]}}],"collection":[{"href":"https:\/\/xn--dlggs-jua7b.ch\/index.php?rest_route=\/wp\/v2\/pages"}],"about":[{"href":"https:\/\/xn--dlggs-jua7b.ch\/index.php?rest_route=\/wp\/v2\/types\/page"}],"author":[{"embeddable":true,"href":"https:\/\/xn--dlggs-jua7b.ch\/index.php?rest_route=\/wp\/v2\/users\/2"}],"replies":[{"embeddable":true,"href":"https:\/\/xn--dlggs-jua7b.ch\/index.php?rest_route=%2Fwp%2Fv2%2Fcomments&post=417"}],"version-history":[{"count":17,"href":"https:\/\/xn--dlggs-jua7b.ch\/index.php?rest_route=\/wp\/v2\/pages\/417\/revisions"}],"predecessor-version":[{"id":2466,"href":"https:\/\/xn--dlggs-jua7b.ch\/index.php?rest_route=\/wp\/v2\/pages\/417\/revisions\/2466"}],"wp:attachment":[{"href":"https:\/\/xn--dlggs-jua7b.ch\/index.php?rest_route=%2Fwp%2Fv2%2Fmedia&parent=417"}],"curies":[{"name":"wp","href":"https:\/\/api.w.org\/{rel}","templated":true}]}}