{"id":393,"date":"2022-03-06T10:56:08","date_gmt":"2022-03-06T10:56:08","guid":{"rendered":"https:\/\/xn--dlggs-jua7b.ch\/?page_id=393"},"modified":"2025-04-27T17:26:17","modified_gmt":"2025-04-27T15:26:17","slug":"die-transportachse","status":"publish","type":"page","link":"https:\/\/xn--dlggs-jua7b.ch\/?page_id=393","title":{"rendered":"Die Transportachse"},"content":{"rendered":"\n<p>Und was, wenn ich dann <a href=\"https:\/\/d\u00f6l\u00fcggs.ch\/?page_id=254\">den Wohnanh\u00e4nger<\/a> an einem beliebigen Zugfahrzeug mit Kugelkupplung bewegen muss oder will? So ungef\u00e4hr lautete die Aufgabenstellung f\u00fcr die Transportachse. Und da alle Aufbauten, die auf den Traktor passen, auch auf die Transportachse passen sollen, ergeben sich die Abmessungen mehr oder weniger von selbst:<\/p>\n\n\n\n<div class=\"wp-block-columns is-layout-flex wp-container-core-columns-is-layout-9d6595d7 wp-block-columns-is-layout-flex\">\n<div class=\"wp-block-column is-layout-flow wp-block-column-is-layout-flow\" style=\"flex-basis:66.66%\">\n<figure class=\"wp-block-image size-large\"><img loading=\"lazy\" decoding=\"async\" width=\"1024\" height=\"744\" src=\"https:\/\/xn--dlggs-jua7b.ch\/wp-content\/uploads\/2022\/01\/Anhang-33-scaled-e1646470616476-1024x744.jpg\" alt=\"\" class=\"wp-image-242\" srcset=\"https:\/\/xn--dlggs-jua7b.ch\/wp-content\/uploads\/2022\/01\/Anhang-33-scaled-e1646470616476-1024x744.jpg 1024w, https:\/\/xn--dlggs-jua7b.ch\/wp-content\/uploads\/2022\/01\/Anhang-33-scaled-e1646470616476-300x218.jpg 300w, https:\/\/xn--dlggs-jua7b.ch\/wp-content\/uploads\/2022\/01\/Anhang-33-scaled-e1646470616476-768x558.jpg 768w, https:\/\/xn--dlggs-jua7b.ch\/wp-content\/uploads\/2022\/01\/Anhang-33-scaled-e1646470616476-1536x1117.jpg 1536w, https:\/\/xn--dlggs-jua7b.ch\/wp-content\/uploads\/2022\/01\/Anhang-33-scaled-e1646470616476-2048x1489.jpg 2048w, https:\/\/xn--dlggs-jua7b.ch\/wp-content\/uploads\/2022\/01\/Anhang-33-scaled-e1646470616476-1568x1140.jpg 1568w\" sizes=\"auto, (max-width: 1024px) 100vw, 1024px\" \/><\/figure>\n<\/div>\n\n\n\n<div class=\"wp-block-column is-layout-flow wp-block-column-is-layout-flow\" style=\"flex-basis:33.33%\">\n<p style=\"font-size:17px\">Mit dieser Zeichung wurde ich Ende 1999 bei der Expertenkonferenz in Bern vorstellig und darf es &#8211; stabiles Bremsverhalten vorausgesetzt &#8211; auch so bauen.<\/p>\n<\/div>\n<\/div>\n\n\n\n<p>Dies ist weltweit der einzige Zweiachs-Anh\u00e4nger mit Strassenzulassung, der ausschliesslich mechanisch und mit zwei voneinander unabh\u00e4ngigen Auflaufbremsen gebremst wird. Um ein stabiles Bremsverhalten zu erreichen, ist die Vorderachse auf 800 kg ausgelegt w\u00e4hrend die Hinterachse 500 kg bremst. Vorgef\u00fchrt wurde die Gesamtkomposition in Oberuzwil bei der St. Galler Motorfahrzeugkontrolle, die extra deswegen f\u00fcr mehrere tausend Franken ein neues Verz\u00f6gerungsmessger\u00e4t beschafft hat.<\/p>\n\n\n\n<p>Nota Bene: schon damals wurde im europ\u00e4ischen Umland f\u00fcr Sattelauflieger eine zum Zugfahrzeug durchgehende Bremse (elektrisch, hydraulisch oder pneumatisch) gefordert: Meine Konstruktion konnte also <strong>nur in dieser Zeit<\/strong> d.h. vor der Anwendung europ\u00e4ischen Rechts und auch <strong>nur in der Schweiz <\/strong>zugelassen werden. Fahren darf das Vehikel hingegen \u00fcberall.<\/p>\n\n\n\n<div class=\"wp-block-columns is-layout-flex wp-container-core-columns-is-layout-9d6595d7 wp-block-columns-is-layout-flex\">\n<div class=\"wp-block-column is-layout-flow wp-block-column-is-layout-flow\">\n<figure class=\"wp-block-image size-large\"><img loading=\"lazy\" decoding=\"async\" width=\"1024\" height=\"768\" src=\"https:\/\/xn--dlggs-jua7b.ch\/wp-content\/uploads\/2022\/03\/PICT0744-1024x768.jpg\" alt=\"\" class=\"wp-image-395\" srcset=\"https:\/\/xn--dlggs-jua7b.ch\/wp-content\/uploads\/2022\/03\/PICT0744-1024x768.jpg 1024w, https:\/\/xn--dlggs-jua7b.ch\/wp-content\/uploads\/2022\/03\/PICT0744-300x225.jpg 300w, https:\/\/xn--dlggs-jua7b.ch\/wp-content\/uploads\/2022\/03\/PICT0744-768x576.jpg 768w, https:\/\/xn--dlggs-jua7b.ch\/wp-content\/uploads\/2022\/03\/PICT0744-1536x1152.jpg 1536w, https:\/\/xn--dlggs-jua7b.ch\/wp-content\/uploads\/2022\/03\/PICT0744-2048x1536.jpg 2048w, https:\/\/xn--dlggs-jua7b.ch\/wp-content\/uploads\/2022\/03\/PICT0744-1568x1176.jpg 1568w\" sizes=\"auto, (max-width: 1024px) 100vw, 1024px\" \/><\/figure>\n<\/div>\n\n\n\n<div class=\"wp-block-column is-layout-flow wp-block-column-is-layout-flow\">\n<figure class=\"wp-block-image size-large\"><img loading=\"lazy\" decoding=\"async\" width=\"1024\" height=\"768\" src=\"https:\/\/xn--dlggs-jua7b.ch\/wp-content\/uploads\/2022\/03\/PICT0757-1024x768.jpg\" alt=\"\" class=\"wp-image-396\" srcset=\"https:\/\/xn--dlggs-jua7b.ch\/wp-content\/uploads\/2022\/03\/PICT0757-1024x768.jpg 1024w, https:\/\/xn--dlggs-jua7b.ch\/wp-content\/uploads\/2022\/03\/PICT0757-300x225.jpg 300w, https:\/\/xn--dlggs-jua7b.ch\/wp-content\/uploads\/2022\/03\/PICT0757-768x576.jpg 768w, https:\/\/xn--dlggs-jua7b.ch\/wp-content\/uploads\/2022\/03\/PICT0757-1536x1152.jpg 1536w, https:\/\/xn--dlggs-jua7b.ch\/wp-content\/uploads\/2022\/03\/PICT0757-2048x1536.jpg 2048w, https:\/\/xn--dlggs-jua7b.ch\/wp-content\/uploads\/2022\/03\/PICT0757-1568x1176.jpg 1568w\" sizes=\"auto, (max-width: 1024px) 100vw, 1024px\" \/><\/figure>\n<\/div>\n<\/div>\n\n\n\n<div class=\"wp-block-columns is-layout-flex wp-container-core-columns-is-layout-9d6595d7 wp-block-columns-is-layout-flex\">\n<div class=\"wp-block-column is-layout-flow wp-block-column-is-layout-flow\">\n<figure class=\"wp-block-image size-large\"><img loading=\"lazy\" decoding=\"async\" width=\"1024\" height=\"768\" src=\"https:\/\/xn--dlggs-jua7b.ch\/wp-content\/uploads\/2022\/03\/PICT1030-1024x768.jpg\" alt=\"\" class=\"wp-image-397\" srcset=\"https:\/\/xn--dlggs-jua7b.ch\/wp-content\/uploads\/2022\/03\/PICT1030-1024x768.jpg 1024w, https:\/\/xn--dlggs-jua7b.ch\/wp-content\/uploads\/2022\/03\/PICT1030-300x225.jpg 300w, https:\/\/xn--dlggs-jua7b.ch\/wp-content\/uploads\/2022\/03\/PICT1030-768x576.jpg 768w, https:\/\/xn--dlggs-jua7b.ch\/wp-content\/uploads\/2022\/03\/PICT1030-1536x1152.jpg 1536w, https:\/\/xn--dlggs-jua7b.ch\/wp-content\/uploads\/2022\/03\/PICT1030-2048x1536.jpg 2048w, https:\/\/xn--dlggs-jua7b.ch\/wp-content\/uploads\/2022\/03\/PICT1030-1568x1176.jpg 1568w\" sizes=\"auto, (max-width: 1024px) 100vw, 1024px\" \/><\/figure>\n<\/div>\n\n\n\n<div class=\"wp-block-column is-layout-flow wp-block-column-is-layout-flow\">\n<figure class=\"wp-block-image size-large\"><img loading=\"lazy\" decoding=\"async\" width=\"1024\" height=\"768\" src=\"https:\/\/xn--dlggs-jua7b.ch\/wp-content\/uploads\/2022\/03\/PICT0106-1024x768.jpg\" alt=\"\" class=\"wp-image-399\" srcset=\"https:\/\/xn--dlggs-jua7b.ch\/wp-content\/uploads\/2022\/03\/PICT0106-1024x768.jpg 1024w, https:\/\/xn--dlggs-jua7b.ch\/wp-content\/uploads\/2022\/03\/PICT0106-300x225.jpg 300w, https:\/\/xn--dlggs-jua7b.ch\/wp-content\/uploads\/2022\/03\/PICT0106-768x576.jpg 768w, https:\/\/xn--dlggs-jua7b.ch\/wp-content\/uploads\/2022\/03\/PICT0106-1536x1152.jpg 1536w, https:\/\/xn--dlggs-jua7b.ch\/wp-content\/uploads\/2022\/03\/PICT0106-2048x1536.jpg 2048w, https:\/\/xn--dlggs-jua7b.ch\/wp-content\/uploads\/2022\/03\/PICT0106-1568x1176.jpg 1568w, https:\/\/xn--dlggs-jua7b.ch\/wp-content\/uploads\/2022\/03\/PICT0106-800x600.jpg 800w, https:\/\/xn--dlggs-jua7b.ch\/wp-content\/uploads\/2022\/03\/PICT0106-620x465.jpg 620w, https:\/\/xn--dlggs-jua7b.ch\/wp-content\/uploads\/2022\/03\/PICT0106-400x300.jpg 400w\" sizes=\"auto, (max-width: 1024px) 100vw, 1024px\" \/><\/figure>\n<\/div>\n<\/div>\n\n\n\n<div class=\"wp-block-columns is-layout-flex wp-container-core-columns-is-layout-9d6595d7 wp-block-columns-is-layout-flex\">\n<div class=\"wp-block-column is-layout-flow wp-block-column-is-layout-flow\">\n<figure class=\"wp-block-image size-large\"><img loading=\"lazy\" decoding=\"async\" width=\"1024\" height=\"768\" src=\"https:\/\/xn--dlggs-jua7b.ch\/wp-content\/uploads\/2022\/03\/PICT0071-1024x768.jpg\" alt=\"\" class=\"wp-image-400\" srcset=\"https:\/\/xn--dlggs-jua7b.ch\/wp-content\/uploads\/2022\/03\/PICT0071-1024x768.jpg 1024w, https:\/\/xn--dlggs-jua7b.ch\/wp-content\/uploads\/2022\/03\/PICT0071-300x225.jpg 300w, https:\/\/xn--dlggs-jua7b.ch\/wp-content\/uploads\/2022\/03\/PICT0071-768x576.jpg 768w, https:\/\/xn--dlggs-jua7b.ch\/wp-content\/uploads\/2022\/03\/PICT0071-1536x1152.jpg 1536w, https:\/\/xn--dlggs-jua7b.ch\/wp-content\/uploads\/2022\/03\/PICT0071-2048x1536.jpg 2048w, https:\/\/xn--dlggs-jua7b.ch\/wp-content\/uploads\/2022\/03\/PICT0071-1568x1176.jpg 1568w\" sizes=\"auto, (max-width: 1024px) 100vw, 1024px\" \/><\/figure>\n<\/div>\n\n\n\n<div class=\"wp-block-column is-layout-flow wp-block-column-is-layout-flow\">\n<figure class=\"wp-block-image size-large\"><img loading=\"lazy\" decoding=\"async\" width=\"1024\" height=\"768\" src=\"https:\/\/xn--dlggs-jua7b.ch\/wp-content\/uploads\/2022\/03\/PICT1968-1024x768.jpg\" alt=\"\" class=\"wp-image-449\" srcset=\"https:\/\/xn--dlggs-jua7b.ch\/wp-content\/uploads\/2022\/03\/PICT1968-1024x768.jpg 1024w, https:\/\/xn--dlggs-jua7b.ch\/wp-content\/uploads\/2022\/03\/PICT1968-300x225.jpg 300w, https:\/\/xn--dlggs-jua7b.ch\/wp-content\/uploads\/2022\/03\/PICT1968-768x576.jpg 768w, https:\/\/xn--dlggs-jua7b.ch\/wp-content\/uploads\/2022\/03\/PICT1968-1536x1152.jpg 1536w, https:\/\/xn--dlggs-jua7b.ch\/wp-content\/uploads\/2022\/03\/PICT1968-2048x1536.jpg 2048w, https:\/\/xn--dlggs-jua7b.ch\/wp-content\/uploads\/2022\/03\/PICT1968-1568x1176.jpg 1568w\" sizes=\"auto, (max-width: 1024px) 100vw, 1024px\" \/><\/figure>\n<\/div>\n<\/div>\n\n\n\n<div class=\"wp-block-columns is-layout-flex wp-container-core-columns-is-layout-9d6595d7 wp-block-columns-is-layout-flex\">\n<div class=\"wp-block-column is-layout-flow wp-block-column-is-layout-flow\">\n<figure class=\"wp-block-image size-large\"><img loading=\"lazy\" decoding=\"async\" width=\"1024\" height=\"576\" src=\"https:\/\/xn--dlggs-jua7b.ch\/wp-content\/uploads\/2022\/03\/20160916_150854-1024x576.jpg\" alt=\"\" class=\"wp-image-403\" srcset=\"https:\/\/xn--dlggs-jua7b.ch\/wp-content\/uploads\/2022\/03\/20160916_150854-1024x576.jpg 1024w, https:\/\/xn--dlggs-jua7b.ch\/wp-content\/uploads\/2022\/03\/20160916_150854-300x169.jpg 300w, https:\/\/xn--dlggs-jua7b.ch\/wp-content\/uploads\/2022\/03\/20160916_150854-768x432.jpg 768w, https:\/\/xn--dlggs-jua7b.ch\/wp-content\/uploads\/2022\/03\/20160916_150854-1536x864.jpg 1536w, https:\/\/xn--dlggs-jua7b.ch\/wp-content\/uploads\/2022\/03\/20160916_150854-2048x1152.jpg 2048w, https:\/\/xn--dlggs-jua7b.ch\/wp-content\/uploads\/2022\/03\/20160916_150854-1568x882.jpg 1568w\" sizes=\"auto, (max-width: 1024px) 100vw, 1024px\" \/><\/figure>\n<\/div>\n\n\n\n<div class=\"wp-block-column is-layout-flow wp-block-column-is-layout-flow\">\n<figure class=\"wp-block-image size-large\"><img loading=\"lazy\" decoding=\"async\" width=\"1024\" height=\"576\" src=\"https:\/\/xn--dlggs-jua7b.ch\/wp-content\/uploads\/2022\/03\/20160917_133622-1024x576.jpg\" alt=\"\" class=\"wp-image-402\" srcset=\"https:\/\/xn--dlggs-jua7b.ch\/wp-content\/uploads\/2022\/03\/20160917_133622-1024x576.jpg 1024w, https:\/\/xn--dlggs-jua7b.ch\/wp-content\/uploads\/2022\/03\/20160917_133622-300x169.jpg 300w, https:\/\/xn--dlggs-jua7b.ch\/wp-content\/uploads\/2022\/03\/20160917_133622-768x432.jpg 768w, https:\/\/xn--dlggs-jua7b.ch\/wp-content\/uploads\/2022\/03\/20160917_133622-1536x864.jpg 1536w, https:\/\/xn--dlggs-jua7b.ch\/wp-content\/uploads\/2022\/03\/20160917_133622-2048x1152.jpg 2048w, https:\/\/xn--dlggs-jua7b.ch\/wp-content\/uploads\/2022\/03\/20160917_133622-1568x882.jpg 1568w\" sizes=\"auto, (max-width: 1024px) 100vw, 1024px\" \/><\/figure>\n<\/div>\n<\/div>\n\n\n\n<p>Und es g\u00e4be ja noch viele weitere M\u00f6glichkeiten f\u00fcr D\u00f6l\u00fcggs Traktor und D\u00f6l\u00fcggs Transportachse:<\/p>\n\n\n\n<figure class=\"wp-block-image size-large\"><img loading=\"lazy\" decoding=\"async\" width=\"744\" height=\"1024\" src=\"https:\/\/xn--dlggs-jua7b.ch\/wp-content\/uploads\/2022\/03\/Zugfz-56-744x1024.jpg\" alt=\"\" class=\"wp-image-404\" srcset=\"https:\/\/xn--dlggs-jua7b.ch\/wp-content\/uploads\/2022\/03\/Zugfz-56-744x1024.jpg 744w, https:\/\/xn--dlggs-jua7b.ch\/wp-content\/uploads\/2022\/03\/Zugfz-56-218x300.jpg 218w, https:\/\/xn--dlggs-jua7b.ch\/wp-content\/uploads\/2022\/03\/Zugfz-56-768x1056.jpg 768w, https:\/\/xn--dlggs-jua7b.ch\/wp-content\/uploads\/2022\/03\/Zugfz-56-1117x1536.jpg 1117w, https:\/\/xn--dlggs-jua7b.ch\/wp-content\/uploads\/2022\/03\/Zugfz-56-1489x2048.jpg 1489w, https:\/\/xn--dlggs-jua7b.ch\/wp-content\/uploads\/2022\/03\/Zugfz-56-1568x2157.jpg 1568w, https:\/\/xn--dlggs-jua7b.ch\/wp-content\/uploads\/2022\/03\/Zugfz-56-scaled.jpg 1861w\" sizes=\"auto, (max-width: 744px) 100vw, 744px\" \/><\/figure>\n\n\n\n<p>, wobei die ersten zwei Zeichnungen &#8211; der Langholztransporter und die lange Pritsche &#8211; in der Transportachse bereits vorgesehen sind: die Deichsel l\u00e4sst sich um mehr als einen Meter ausfahren. Dazu m\u00fcssen nur 2 Schrauben gel\u00f6st und eine entsprechende Verl\u00e4ngerung im Bremsgest\u00e4nge eingebaut werden.<\/p>\n\n\n\n<div class=\"wp-block-buttons is-layout-flex wp-block-buttons-is-layout-flex\">\n<div class=\"wp-block-button\"><a class=\"wp-block-button__link wp-element-button\" href=\"https:\/\/xn--dlggs-jua7b.ch\/\">Zur\u00fcck<\/a><\/div>\n<\/div>\n","protected":false},"excerpt":{"rendered":"<p>Und was, wenn ich dann den Wohnanh\u00e4nger an einem beliebigen Zugfahrzeug mit Kugelkupplung bewegen muss oder will? So ungef\u00e4hr lautete die Aufgabenstellung f\u00fcr die Transportachse. Und da alle Aufbauten, die auf den Traktor passen, auch auf die Transportachse passen sollen, ergeben sich die Abmessungen mehr oder weniger von selbst: Mit dieser Zeichung wurde ich Ende [&hellip;]<\/p>\n","protected":false},"author":2,"featured_media":0,"parent":0,"menu_order":0,"comment_status":"closed","ping_status":"closed","template":"","meta":{"footnotes":""},"class_list":["post-393","page","type-page","status-publish","hentry"],"_links":{"self":[{"href":"https:\/\/xn--dlggs-jua7b.ch\/index.php?rest_route=\/wp\/v2\/pages\/393","targetHints":{"allow":["GET"]}}],"collection":[{"href":"https:\/\/xn--dlggs-jua7b.ch\/index.php?rest_route=\/wp\/v2\/pages"}],"about":[{"href":"https:\/\/xn--dlggs-jua7b.ch\/index.php?rest_route=\/wp\/v2\/types\/page"}],"author":[{"embeddable":true,"href":"https:\/\/xn--dlggs-jua7b.ch\/index.php?rest_route=\/wp\/v2\/users\/2"}],"replies":[{"embeddable":true,"href":"https:\/\/xn--dlggs-jua7b.ch\/index.php?rest_route=%2Fwp%2Fv2%2Fcomments&post=393"}],"version-history":[{"count":15,"href":"https:\/\/xn--dlggs-jua7b.ch\/index.php?rest_route=\/wp\/v2\/pages\/393\/revisions"}],"predecessor-version":[{"id":2663,"href":"https:\/\/xn--dlggs-jua7b.ch\/index.php?rest_route=\/wp\/v2\/pages\/393\/revisions\/2663"}],"wp:attachment":[{"href":"https:\/\/xn--dlggs-jua7b.ch\/index.php?rest_route=%2Fwp%2Fv2%2Fmedia&parent=393"}],"curies":[{"name":"wp","href":"https:\/\/api.w.org\/{rel}","templated":true}]}}