{"id":3082,"date":"2026-05-12T15:02:47","date_gmt":"2026-05-12T13:02:47","guid":{"rendered":"https:\/\/xn--dlggs-jua7b.ch\/?page_id=3082"},"modified":"2026-05-13T11:25:56","modified_gmt":"2026-05-13T09:25:56","slug":"was-doelueggs-nicht-ist","status":"publish","type":"page","link":"https:\/\/xn--dlggs-jua7b.ch\/?page_id=3082","title":{"rendered":"Was D\u00f6l\u00fcggs nicht ist"},"content":{"rendered":"\n<figure class=\"wp-block-image size-large\"><a href=\"https:\/\/www.youtube.com\/@doluggs\" target=\"_blank\" rel=\" noreferrer noopener\"><img loading=\"lazy\" decoding=\"async\" width=\"1024\" height=\"169\" src=\"https:\/\/xn--dlggs-jua7b.ch\/wp-content\/uploads\/2026\/05\/breiter-Konvoi-1024x169.jpg\" alt=\"\" class=\"wp-image-3085\" srcset=\"https:\/\/xn--dlggs-jua7b.ch\/wp-content\/uploads\/2026\/05\/breiter-Konvoi-1024x169.jpg 1024w, https:\/\/xn--dlggs-jua7b.ch\/wp-content\/uploads\/2026\/05\/breiter-Konvoi-300x50.jpg 300w, https:\/\/xn--dlggs-jua7b.ch\/wp-content\/uploads\/2026\/05\/breiter-Konvoi-768x127.jpg 768w, https:\/\/xn--dlggs-jua7b.ch\/wp-content\/uploads\/2026\/05\/breiter-Konvoi-1536x254.jpg 1536w, https:\/\/xn--dlggs-jua7b.ch\/wp-content\/uploads\/2026\/05\/breiter-Konvoi-2048x339.jpg 2048w, https:\/\/xn--dlggs-jua7b.ch\/wp-content\/uploads\/2026\/05\/breiter-Konvoi-1200x199.jpg 1200w, https:\/\/xn--dlggs-jua7b.ch\/wp-content\/uploads\/2026\/05\/breiter-Konvoi-1980x328.jpg 1980w\" sizes=\"auto, (max-width: 1024px) 100vw, 1024px\" \/><\/a><figcaption class=\"wp-element-caption\">Klick auf das Bild f\u00fchrt zur Youtube-Seite von D\u00f6l\u00fcggs<\/figcaption><\/figure>\n\n\n\n<p>Nat\u00fcrlich bleibt so ein 2CV Sattelschlepper nicht unbemerkt: viele Zeitungsartikel, einige Videos und unendlich viele Fotos gibt es von Ihm. \u00dcber die Jahre haben sich dann auch einige &#171;Zeitungsenten&#187; eingeschlichen, die ich hier mal zusammengetragen habe<\/p>\n\n\n\n<p>D\u00f6l\u00fcggs&#8230;<\/p>\n\n\n\n<ul class=\"wp-block-list\">\n<li>ist nicht mit zwei Motoren ausgestattet.<\/li>\n\n\n\n<li>hat auch keinen GS-Motor &#8211; 35 VISA-PS sind genug.<\/li>\n\n\n\n<li>hat *keinen* franz\u00f6sischen Bruder namens &#171;Vantour&#187;.<\/li>\n\n\n\n<li>ben\u00f6tigt nur den F\u00fchrerschein Klasse B (Motorfahrzeuge bis 3 1\/2 Tonnen) &#8211; und weder Kategorie C (Lastwagen) noch die Kategorie E f\u00fcr schwere Anh\u00e4nger.<\/li>\n\n\n\n<li>hat keine durchgehende Bremse (Druckluft, Brems\u00f6l, Trailerstop, &#8230;) zum Auflieger: Alles rein mechanisch.<\/li>\n\n\n\n<li>wurde niemals von Citro\u00ebn so gebaut und verkauft &#8211; auch wenn (j\u00fcngere) Mitarbeiter von Citro\u00ebn das vermuteten. Ich nehme das als grosses Kompliment, da die Verarbeitungsqualit\u00e4t offenbar der Grossserie entspricht.<\/li>\n<\/ul>\n","protected":false},"excerpt":{"rendered":"<p>Nat\u00fcrlich bleibt so ein 2CV Sattelschlepper nicht unbemerkt: viele Zeitungsartikel, einige Videos und unendlich viele Fotos gibt es von Ihm. \u00dcber die Jahre haben sich dann auch einige &#171;Zeitungsenten&#187; eingeschlichen, die ich hier mal zusammengetragen habe D\u00f6l\u00fcggs&#8230;<\/p>\n","protected":false},"author":2,"featured_media":0,"parent":0,"menu_order":0,"comment_status":"closed","ping_status":"closed","template":"","meta":{"footnotes":""},"class_list":["post-3082","page","type-page","status-publish","hentry"],"_links":{"self":[{"href":"https:\/\/xn--dlggs-jua7b.ch\/index.php?rest_route=\/wp\/v2\/pages\/3082","targetHints":{"allow":["GET"]}}],"collection":[{"href":"https:\/\/xn--dlggs-jua7b.ch\/index.php?rest_route=\/wp\/v2\/pages"}],"about":[{"href":"https:\/\/xn--dlggs-jua7b.ch\/index.php?rest_route=\/wp\/v2\/types\/page"}],"author":[{"embeddable":true,"href":"https:\/\/xn--dlggs-jua7b.ch\/index.php?rest_route=\/wp\/v2\/users\/2"}],"replies":[{"embeddable":true,"href":"https:\/\/xn--dlggs-jua7b.ch\/index.php?rest_route=%2Fwp%2Fv2%2Fcomments&post=3082"}],"version-history":[{"count":7,"href":"https:\/\/xn--dlggs-jua7b.ch\/index.php?rest_route=\/wp\/v2\/pages\/3082\/revisions"}],"predecessor-version":[{"id":3097,"href":"https:\/\/xn--dlggs-jua7b.ch\/index.php?rest_route=\/wp\/v2\/pages\/3082\/revisions\/3097"}],"wp:attachment":[{"href":"https:\/\/xn--dlggs-jua7b.ch\/index.php?rest_route=%2Fwp%2Fv2%2Fmedia&parent=3082"}],"curies":[{"name":"wp","href":"https:\/\/api.w.org\/{rel}","templated":true}]}}