{"id":3,"date":"2021-05-17T09:42:28","date_gmt":"2021-05-17T09:42:28","guid":{"rendered":"http:\/\/xn--dlggs-jua7b.ch\/?page_id=3"},"modified":"2025-12-11T17:39:24","modified_gmt":"2025-12-11T16:39:24","slug":"datenschutzerklaerung","status":"publish","type":"page","link":"https:\/\/xn--dlggs-jua7b.ch\/?page_id=3","title":{"rendered":"Datenschutzerkl\u00e4rung"},"content":{"rendered":"\n<h2 class=\"wp-block-heading\">Wer wir sind<\/h2>\n\n\n\n<p>Die Adresse unserer Website ist: https:\/\/xn--dlggs-jua7b.ch; alternativ https:\/\/2luxx.ch. Sie beinhaltet nicht-vertrauliche Informationen \u00fcber den 2CV-Sattelschlepper &#171;D\u00f6l\u00fcggs&#187;.<br>Diese Webseite wird nach Schweizer Recht gef\u00fchrt, es gilt <a href=\"https:\/\/de.wikipedia.org\/wiki\/Obligationenrecht_(Schweiz)\" target=\"_blank\" rel=\"noreferrer noopener\">OR<\/a> <a href=\"https:\/\/www.fedlex.admin.ch\/de\/search?collection=classified_compilation&amp;classifiedBy=OR&amp;article=20\" target=\"_blank\" rel=\"noreferrer noopener\">Art.\u00a020<\/a>\u00a0Abs.\u00a02.<\/p>\n\n\n\n<h2 class=\"wp-block-heading\">Kommentare<\/h2>\n\n\n\n<p>Diese Seite bietet keine Kommentar-Funktion. Wir sind erreichbar unter: <a href=\"mailto:info@comunicon.ch\" target=\"_blank\" rel=\"noreferrer noopener\">info@comunicon.ch<\/a><\/p>\n\n\n\n<h2 class=\"wp-block-heading\">Medien<\/h2>\n\n\n\n<p>Besucher dieser Website k\u00f6nnten Fotos und andere Medien, die auf dieser Website gespeichert sind, downloaden und deren Standort-Informationen extrahieren.<\/p>\n\n\n\n<h2 class=\"wp-block-heading\">Cookies<\/h2>\n\n\n\n<p>Wir verwenden keine Cookies. JUST SAY NO. <\/p>\n\n\n\n<h2 class=\"wp-block-heading\">Was wir protokollieren<\/h2>\n\n\n\n<p>Wir werten die Besuche unserer Webseite anonymisiert aus, aber nur die &#171;Essentials&#187;: verwendeter Browser, Standort (Land), IP Adresse, wann und auf welche unserer Webseiten zugegriffen wurde. Wir protokollieren Login-Versuche.<\/p>\n\n\n\n<h2 class=\"wp-block-heading\">Eingebettete Inhalte von anderen Websites<\/h2>\n\n\n\n<p>Beitr\u00e4ge auf dieser Website k\u00f6nnen eingebettete Inhalte beinhalten (z.&nbsp;B. Videos, Bilder, Beitr\u00e4ge etc.). Eingebettete Inhalte von anderen Websites verhalten sich so, als ob der Besucher die andere Website besucht h\u00e4tte.<\/p>\n\n\n\n<p>Diese Websites k\u00f6nnen Daten \u00fcber Sie sammeln, Cookies benutzen, zus\u00e4tzliche Tracking-Dienste von Dritten einbetten und Ihre Interaktion aufzeichnen, auswerten und gem\u00e4ss ihren Regeln und Regulierungen weiter verwenden.<\/p>\n","protected":false},"excerpt":{"rendered":"<p>Wer wir sind Die Adresse unserer Website ist: https:\/\/xn--dlggs-jua7b.ch; alternativ https:\/\/2luxx.ch. Sie beinhaltet nicht-vertrauliche Informationen \u00fcber den 2CV-Sattelschlepper &#171;D\u00f6l\u00fcggs&#187;.Diese Webseite wird nach Schweizer Recht gef\u00fchrt, es gilt OR Art.\u00a020\u00a0Abs.\u00a02. Kommentare Diese Seite bietet keine Kommentar-Funktion. Wir sind erreichbar unter: info@comunicon.ch Medien Besucher dieser Website k\u00f6nnten Fotos und andere Medien, die auf dieser Website gespeichert sind, [&hellip;]<\/p>\n","protected":false},"author":2,"featured_media":0,"parent":0,"menu_order":0,"comment_status":"closed","ping_status":"open","template":"","meta":{"footnotes":""},"class_list":["post-3","page","type-page","status-publish","hentry"],"_links":{"self":[{"href":"https:\/\/xn--dlggs-jua7b.ch\/index.php?rest_route=\/wp\/v2\/pages\/3","targetHints":{"allow":["GET"]}}],"collection":[{"href":"https:\/\/xn--dlggs-jua7b.ch\/index.php?rest_route=\/wp\/v2\/pages"}],"about":[{"href":"https:\/\/xn--dlggs-jua7b.ch\/index.php?rest_route=\/wp\/v2\/types\/page"}],"author":[{"embeddable":true,"href":"https:\/\/xn--dlggs-jua7b.ch\/index.php?rest_route=\/wp\/v2\/users\/2"}],"replies":[{"embeddable":true,"href":"https:\/\/xn--dlggs-jua7b.ch\/index.php?rest_route=%2Fwp%2Fv2%2Fcomments&post=3"}],"version-history":[{"count":7,"href":"https:\/\/xn--dlggs-jua7b.ch\/index.php?rest_route=\/wp\/v2\/pages\/3\/revisions"}],"predecessor-version":[{"id":2886,"href":"https:\/\/xn--dlggs-jua7b.ch\/index.php?rest_route=\/wp\/v2\/pages\/3\/revisions\/2886"}],"wp:attachment":[{"href":"https:\/\/xn--dlggs-jua7b.ch\/index.php?rest_route=%2Fwp%2Fv2%2Fmedia&parent=3"}],"curies":[{"name":"wp","href":"https:\/\/api.w.org\/{rel}","templated":true}]}}