{"id":2941,"date":"2026-02-05T02:09:56","date_gmt":"2026-02-05T01:09:56","guid":{"rendered":"https:\/\/xn--dlggs-jua7b.ch\/?page_id=2941"},"modified":"2026-02-15T17:50:22","modified_gmt":"2026-02-15T16:50:22","slug":"die-2cv-welttreffen-im-film","status":"publish","type":"page","link":"https:\/\/xn--dlggs-jua7b.ch\/?page_id=2941","title":{"rendered":"2CV Welttreffen im Film"},"content":{"rendered":"\n<p>Seit 1981 sind meine D\u00f6schwos auch auf Welttreffen daheim. Die finden alle 2 Jahre statt &#8211; immer in einem anderen Land. Zu vielen Welttreffen habe ich auf Youtube k\u00fcrzere oder l\u00e4ngere Filme gefunden &#8211; enjoy.<\/p>\n\n\n\n<p>1981: Zedelgem, Belgien: <a href=\"https:\/\/youtu.be\/mMmFHg5MgF8\" target=\"_blank\" rel=\"noreferrer noopener\">https:\/\/youtu.be\/mMmFHg5MgF8<\/a> &#8211; Mein erstes Welttreffen, bereits mit dem Einstein&#8230; Hier noch der Aufbau: <a href=\"https:\/\/youtu.be\/g_0eG6hSrG0\" target=\"_blank\" rel=\"noreferrer noopener\">https:\/\/youtu.be\/g_0eG6hSrG0<\/a><\/p>\n\n\n\n<p>1983: Xanten, Deutschland &#8211; leider kein Video. Noch mit Einstein.<\/p>\n\n\n\n<p>1985: Great Britain: <a href=\"https:\/\/youtu.be\/EHCcoYkbMbw\" target=\"_blank\" rel=\"noreferrer noopener\">https:\/\/youtu.be\/EHCcoYkbMbw<\/a>. Wieder eins von den Welttreffen, wo ich nicht teilgenommen habe.<\/p>\n\n\n\n<p>1987: Ericeira, Portugal &#8211; Das Geburtsjahr und das erste grosse Treffen des Green Monster. Leider kein Film.<\/p>\n\n\n\n<p>1989: Orl\u00e9ans, Frankreich: <a href=\"https:\/\/youtu.be\/7ogiJL2UyoM\" target=\"_blank\" rel=\"noreferrer noopener\">https:\/\/youtu.be\/7ogiJL2UyoM<\/a> &#8211; Mit Shirley und Martina, die damals knapp 2 Jahre alt war&#8230;<\/p>\n\n\n\n<p>1991: Steingletscher, Schweiz: zweites Welttreffen in der Schweiz, das erste auf fast 2000m H\u00f6he. Und nat\u00fcrlich war ich dabei.<\/p>\n\n\n\n<p>1993: Finland: <a href=\"https:\/\/youtu.be\/8iQa89_p0O0\" target=\"_blank\" rel=\"noreferrer noopener\">https:\/\/youtu.be\/8iQa89_p0O0<\/a> Da war ich leider nicht dabei.<\/p>\n\n\n\n<p>1995: Slowenien: <a href=\"https:\/\/youtu.be\/2oksFzFYmQA\" target=\"_blank\" rel=\"noreferrer noopener\">https:\/\/youtu.be\/2oksFzFYmQA<\/a> &#8211; Da war ich auch nicht dabei.<\/p>\n\n\n\n<p>1997: Eendendam, Niederlande: <a href=\"https:\/\/youtu.be\/pKNA027TPt4\" target=\"_blank\" rel=\"noreferrer noopener\">https:\/\/youtu.be\/pKNA027TPt4<\/a> D\u00f6l\u00fcggs ganz kurz im Hintergrund hier: <a href=\"https:\/\/youtu.be\/pKNA027TPt4?t=113\" target=\"_blank\" rel=\"noreferrer noopener\">https:\/\/youtu.be\/pKNA027TPt4?t=113<\/a><\/p>\n\n\n\n<p>1999: Skotina Beach, Griechenland: <a href=\"https:\/\/youtu.be\/fQqcOWFO8qQ\" target=\"_blank\" rel=\"noreferrer noopener\">https:\/\/youtu.be\/fQqcOWFO8qQ<\/a> . Da hat D\u00f6l\u00fcggs den 3. Platz der Sch\u00f6nheitskonkurrenz geholt.<\/p>\n\n\n\n<p>2001: Seeboden, \u00d6sterreich: <a href=\"https:\/\/youtu.be\/e6bD5ltmrTg\" target=\"_blank\" rel=\"noreferrer noopener\">https:\/\/youtu.be\/e6bD5ltmrTg<\/a><\/p>\n\n\n\n<p>2003: Vinadio, Italien: <a href=\"https:\/\/youtu.be\/usJ1zDLn_U0\" target=\"_blank\" rel=\"noreferrer noopener\">https:\/\/youtu.be\/usJ1zDLn_U0<\/a> D\u00f6luggs und sein absoluter Gegenpart ab hier: <a href=\"https:\/\/youtu.be\/usJ1zDLn_U0?t=544\" target=\"_blank\" rel=\"noreferrer noopener\">https:\/\/youtu.be\/usJ1zDLn_U0?t=544<\/a>. Tino ist der Pr\u00e4sident der 2CV&#8217;s in Kroatien.<\/p>\n\n\n\n<p>2005: Kelso, Scotland <a href=\"https:\/\/youtu.be\/txk0gn3CSVE\" target=\"_blank\" rel=\"noreferrer noopener\">https:\/\/youtu.be\/txk0gn3CSVE<\/a> &#8211; war ich auch nicht dabei, soll aber sehr nass gewesen sein.<\/p>\n\n\n\n<p>2007: Borl\u00e4nge, Schweden: <a href=\"https:\/\/youtu.be\/c0PGFJOGzU8\" target=\"_blank\" rel=\"noreferrer noopener\">https:\/\/youtu.be\/c0PGFJOGzU8<\/a> Da hat D\u00f6l\u00fcggs den 1. Platz beim Publikum in Borl\u00e4nge geholt: Eine \u00dcbernachtung f\u00fcr die ganze Familie im \u00f6rtlichen 4 &#8211; Sterne-Hotel. Sch\u00f6n war&#8217;s.<\/p>\n\n\n\n<p>2009: Most, Tschechien: <a href=\"https:\/\/youtu.be\/GPJHkJ4owfo\">https:\/\/youtu.be\/GPJHkJ4owfo<\/a> &#8211; einer meiner Lieblingsfilme.<\/p>\n\n\n\n<p>2011: Salbris, Frankreich <a href=\"https:\/\/youtu.be\/kqbRl7HGVHM\" target=\"_blank\" rel=\"noreferrer noopener\">https:\/\/youtu.be\/kqbRl7HGVHM<\/a> Das gr\u00f6sste Welttreffen mit \u00fcber 7&#8217;000 Fahrzeugen &#8211; ziemlich chaotisch.<\/p>\n\n\n\n<p>2013: Alcaniz, Spanien: <a href=\"https:\/\/youtu.be\/TbCZ-1YWBcE\" target=\"_blank\" rel=\"noreferrer noopener\">https:\/\/youtu.be\/TbCZ-1YWBcE<\/a> Da war ich nicht dabei &#8211; war mir zu heiss&#8230;<\/p>\n\n\n\n<p>2015: Torun, Polen: <a href=\"https:\/\/youtu.be\/LpIfghV8CNQ\" target=\"_blank\" rel=\"noreferrer noopener\">https:\/\/youtu.be\/LpIfghV8CNQ<\/a> (da war ich nicht)<\/p>\n\n\n\n<p>2017: Ericeira, Portugal: <a href=\"https:\/\/youtu.be\/Fw6U62evwLs\" target=\"_blank\" rel=\"noreferrer noopener\">https:\/\/youtu.be\/Fw6U62evwLs<\/a> D\u00f6l\u00fcggs hier: <a href=\"https:\/\/youtu.be\/Fw6U62evwLs?t=377\" target=\"_blank\" rel=\"noreferrer noopener\">https:\/\/youtu.be\/Fw6U62evwLs?t=377<\/a><\/p>\n\n\n\n<p>2019: Samobor, Kroatien: <a href=\"https:\/\/youtu.be\/6CPFG3ZsjSM\" target=\"_blank\" rel=\"noreferrer noopener\">https:\/\/youtu.be\/6CPFG3ZsjSM<\/a><br>D\u00f6l\u00fcggs &#8211; z.B. &#8211; hier: <a href=\"https:\/\/youtu.be\/YvpSlgg8nn4?t=338\" target=\"_blank\" rel=\"noreferrer noopener\">https:\/\/youtu.be\/YvpSlgg8nn4?t=338<\/a> oder auch hier: <a href=\"https:\/\/youtu.be\/oxmYWX-PXD0?t=380\" target=\"_blank\" rel=\"noreferrer noopener\">https:\/\/youtu.be\/oxmYWX-PXD0?t=380<\/a><\/p>\n\n\n\n<p>2021: fand wegen Corona kein Welttreffen statt.<\/p>\n\n\n\n<p>2023: Del\u00e9mont, Schweiz: <a href=\"https:\/\/youtu.be\/kuRR4LcVA_U\" target=\"_blank\" rel=\"noreferrer noopener\">https:\/\/youtu.be\/kuRR4LcVA_U<\/a><\/p>\n\n\n\n<p>2025: Postojna, Slowenien: <a href=\"https:\/\/youtu.be\/V3l1JZOBssg\" target=\"_blank\" rel=\"noreferrer noopener\">https:\/\/youtu.be\/V3l1JZOBssg<\/a><\/p>\n\n\n\n<p>2027: Wanroij, Niederlande. Mehr Infos und die Tickets dazu gibt&#8217;s hier: <a href=\"https:\/\/2cv2027.nl\/\" target=\"_blank\" rel=\"noreferrer noopener\">https:\/\/2cv2027.nl\/<\/a><\/p>\n\n\n\n<p>2029: Die Welttreffen werden immer 4 Jahre im Voraus bestimmt: so haben die Veranstalter gen\u00fcgend Zeit zur Vorbereitung. 2025 in Slowenien wurde f\u00fcr Mazedonien gestimmt &#8211; und sie haben ganz knapp vor Tschechien gewonnen.<\/p>\n","protected":false},"excerpt":{"rendered":"<p>Seit 1981 sind meine D\u00f6schwos auch auf Welttreffen daheim. Die finden alle 2 Jahre statt &#8211; immer in einem anderen Land. Zu vielen Welttreffen habe ich auf Youtube k\u00fcrzere oder l\u00e4ngere Filme gefunden &#8211; enjoy. 1981: Zedelgem, Belgien: https:\/\/youtu.be\/mMmFHg5MgF8 &#8211; Mein erstes Welttreffen, bereits mit dem Einstein&#8230; Hier noch der Aufbau: https:\/\/youtu.be\/g_0eG6hSrG0 1983: Xanten, Deutschland [&hellip;]<\/p>\n","protected":false},"author":2,"featured_media":0,"parent":0,"menu_order":0,"comment_status":"closed","ping_status":"closed","template":"","meta":{"footnotes":""},"class_list":["post-2941","page","type-page","status-publish","hentry"],"_links":{"self":[{"href":"https:\/\/xn--dlggs-jua7b.ch\/index.php?rest_route=\/wp\/v2\/pages\/2941","targetHints":{"allow":["GET"]}}],"collection":[{"href":"https:\/\/xn--dlggs-jua7b.ch\/index.php?rest_route=\/wp\/v2\/pages"}],"about":[{"href":"https:\/\/xn--dlggs-jua7b.ch\/index.php?rest_route=\/wp\/v2\/types\/page"}],"author":[{"embeddable":true,"href":"https:\/\/xn--dlggs-jua7b.ch\/index.php?rest_route=\/wp\/v2\/users\/2"}],"replies":[{"embeddable":true,"href":"https:\/\/xn--dlggs-jua7b.ch\/index.php?rest_route=%2Fwp%2Fv2%2Fcomments&post=2941"}],"version-history":[{"count":14,"href":"https:\/\/xn--dlggs-jua7b.ch\/index.php?rest_route=\/wp\/v2\/pages\/2941\/revisions"}],"predecessor-version":[{"id":3004,"href":"https:\/\/xn--dlggs-jua7b.ch\/index.php?rest_route=\/wp\/v2\/pages\/2941\/revisions\/3004"}],"wp:attachment":[{"href":"https:\/\/xn--dlggs-jua7b.ch\/index.php?rest_route=%2Fwp%2Fv2%2Fmedia&parent=2941"}],"curies":[{"name":"wp","href":"https:\/\/api.w.org\/{rel}","templated":true}]}}