{"id":254,"date":"2022-01-20T14:13:32","date_gmt":"2022-01-20T14:13:32","guid":{"rendered":"http:\/\/xn--dlggs-jua7b.ch\/?page_id=254"},"modified":"2026-02-07T19:45:45","modified_gmt":"2026-02-07T18:45:45","slug":"der-wohnanhaenger","status":"publish","type":"page","link":"https:\/\/xn--dlggs-jua7b.ch\/?page_id=254","title":{"rendered":"Der Wohnanh\u00e4nger"},"content":{"rendered":"\n<p><a href=\"https:\/\/xn--dlggs-jua7b.ch\/?page_id=183#Anh\u00e4nger\">Gebaut wurde der Wohnanh\u00e4nger 1997 bis 1999<\/a> &#8211; mit einem Jahr Unterbruch, um gewisse Design- und Materialprobleme richtig l\u00f6sen zu k\u00f6nnen. Die Jungfernfahrt des Sattelschleppers ging ans 2CV Welttreffen 1999 in Griechenland.<\/p>\n\n\n\n<div class=\"wp-block-columns is-layout-flex wp-container-core-columns-is-layout-9d6595d7 wp-block-columns-is-layout-flex\">\n<div class=\"wp-block-column is-layout-flow wp-block-column-is-layout-flow\" style=\"flex-basis:66.66%\">\n<figure class=\"wp-block-image size-large\"><img loading=\"lazy\" decoding=\"async\" width=\"1024\" height=\"854\" src=\"https:\/\/xn--dlggs-jua7b.ch\/wp-content\/uploads\/2021\/10\/This-cars-got-balls-1024x854.png\" alt=\"\" class=\"wp-image-106\" srcset=\"https:\/\/xn--dlggs-jua7b.ch\/wp-content\/uploads\/2021\/10\/This-cars-got-balls-1024x854.png 1024w, https:\/\/xn--dlggs-jua7b.ch\/wp-content\/uploads\/2021\/10\/This-cars-got-balls-300x250.png 300w, https:\/\/xn--dlggs-jua7b.ch\/wp-content\/uploads\/2021\/10\/This-cars-got-balls-768x641.png 768w, https:\/\/xn--dlggs-jua7b.ch\/wp-content\/uploads\/2021\/10\/This-cars-got-balls.png 1038w\" sizes=\"auto, (max-width: 1024px) 100vw, 1024px\" \/><\/figure>\n<\/div>\n\n\n\n<div class=\"wp-block-column is-layout-flow wp-block-column-is-layout-flow\" style=\"flex-basis:33.33%\">\n<p style=\"font-size:17px\">Die Sattelkupplung auf dem Zugfahrzeug &#8211; ein Grossserienteil von G+F, wie man es z.B. auf den Iveco Turbo Daily findet &#8211; ist &#171;nur&#187; eine einfache &#8218;technische \u00c4nderung&#8216; zur bereits zugelassenen <a href=\"https:\/\/xn--dlggs-jua7b.ch\/?page_id=442\">Kipperbr\u00fccke<\/a>: die Befestigung erfolgt auf demselben Bock (Unterbau), wie alle anderen Aufbauten.<\/p>\n<\/div>\n<\/div>\n\n\n\n<p>2020\/21 habe ich die Corona-Zeit genutzt, um den Anh\u00e4nger &#8211; nach 20 Jahren &#8211; von Grund auf neu aufzubauen. Ausser der Silhouette  blieb so ziemlich kein Teil unangefasst&#8230;<\/p>\n\n\n\n<p>Alle Videos sind Stand Januar 2022 &#8211; und teilweise schon wieder von der Realit\u00e4t eingeholt. <\/p>\n\n\n\n<div class=\"wp-block-media-text alignwide is-stacked-on-mobile\" style=\"grid-template-columns:76% auto\"><figure class=\"wp-block-media-text__media\"><video controls src=\"https:\/\/xn--dlggs-jua7b.ch\/wp-content\/uploads\/2022\/01\/DL_Aussenansicht_bis_Stehhoehe.mp4\"><\/video><\/figure><div class=\"wp-block-media-text__content\">\n<p class=\"has-large-font-size\">Aussenansicht des Wohnanh\u00e4ngers bis und mit Hubdach \u00f6ffnen<\/p>\n<\/div><\/div>\n\n\n\n<h3 class=\"wp-block-heading\" id=\"it-s-a-gas-gas-gas\">&#8230;<a href=\"https:\/\/www.youtube.com\/watch?v=ruTMp4_sy1E&amp;ab_channel=ABKCOVEVO\" target=\"_blank\" rel=\"noreferrer noopener\">it&#8217;s a Gas, Gas, Gas<\/a>&#8230;<\/h3>\n\n\n\n<p>Nachdem ich mich in der urspr\u00fcnglichen Version mit einer (teuren, Schweizer) 5-Kg-Gasflasche herumgeschlagen habe, nutze ich in der aktuellen Version einen Alu-Gastank. Der ist ziemlich genau so schwer wie die alte Flasche, aber so gross wie die weitverbreitete 11-Kilo-Gasflasche und hat den Vorteil, dass er a) eine recht genaue F\u00fcllstandsanzeige hat, und b) im Unterschied zu den Kauf- oder Mietflaschen sicher und relativ preisg\u00fcnstig an allen LPG\/GPL Tankstellen wieder aufgef\u00fcllt werden kann. Drei verschiedene F\u00fclladapter stellen sicher, dass das dann auch in ganz Europa &#171;kompatibel&#187; ist. Und die 26 Liter Kapazit\u00e4t reichen *easy* f\u00fcr eine ganze Saison &#8211; solange ich nicht extensiv Wintercamping betreibe. Die Verbraucher: Herd, K\u00fchlschrank und Heizung haben jeweils eigene Absperrventile.<\/p>\n\n\n\n<p>Gesteuert wird die Gasanlage \u00fcber ein elektrisches Fernventil, so dass die gesamte Gasanlage wo n\u00f6tig getrennt werden kann (z.B. in Parkgaragen &#8211; und ja: der Anh\u00e4nger passt mit 1,97m Gesamth\u00f6he auch hier &#8218;rein). Am tiefsten Punkt des Anh\u00e4ngers sitzt ein Gaswarner, der brennbare Gase, Kohlenmonoxyd, L\u00f6sungsmittel und Bet\u00e4ubungsgas erkennt und der bei etwaigen Problemen einen H\u00f6llenl\u00e4rm veranstaltet.<\/p>\n\n\n\n<h3 class=\"wp-block-heading\" id=\"kuche\">K\u00fcche <\/h3>\n\n\n\n<div class=\"wp-block-media-text alignwide is-stacked-on-mobile\" style=\"grid-template-columns:73% auto\"><figure class=\"wp-block-media-text__media\"><video controls src=\"https:\/\/xn--dlggs-jua7b.ch\/wp-content\/uploads\/2022\/01\/DL_Kueche_Herd_Kuehlschrank_Gadgets.mp4\"><\/video><\/figure><div class=\"wp-block-media-text__content\">\n<p class=\"has-large-font-size\">Innenausbau: die linke Seite<\/p>\n\n\n\n<p>Campingtisch zur Ladungssicherung<\/p>\n\n\n\n<p>\u00dcberblick Bedienfeld<\/p>\n\n\n\n<p>K\u00fcchenausstattung:<br>Gasherd \/ Abdeckung<br>K\u00fchlschrank \/ Hinterl\u00fcftung<br>Geschirr und Abwasch<br>ein paar Gadgets&#8230;<br>Vorh\u00e4nge und Sichtschutz<br><\/p>\n<\/div><\/div>\n\n\n\n<p>Ich bin ein Fan guter K\u00fcche, auch &#8211; und gerade &#8211; wenn ich unterwegs bin. Deswegen ist die K\u00fcche vielleicht etwas besser ausgebaut, als in dieser Kategorie \u00fcblich:<\/p>\n\n\n\n<ul class=\"wp-block-list\">\n<li><strong>Drei-Flamm-Kocher, Gas<\/strong>. Dessen Abdeckung dient gleichzeitig als Sicht- und Spritzschutz zum Bett hin. Auf der Innenseite ist ein Getr\u00e4nkehalter angebracht, der die \u00fcblichen 0,33 und 0,5 l Alu-Dosen aufnehmen kann. Die K\u00fcche hat einen Aussenanschluss f\u00fcr&#8217;s Gas, so dass ich draussen einen Gasgrill betreiben oder umgekehrt auch eine zus\u00e4tzliche Gasflasche (50 mBar) anschliessen kann.<\/li>\n\n\n\n<li><strong>Sp\u00fcle mit ausziehbarem Schauch<\/strong>; Dusche \/ Dauerstrahl. Auf Warmwasser verzichte ich, da ich das n\u00f6tigenfalls sehr schnell auf dem Gaskocher produzieren kann. Die Abdeckung der Sp\u00fcle dient auch als Schneidbrett und zum Servieren. <\/li>\n\n\n\n<li>Die <strong>aussenliegende Serviceklappe<\/strong> verbirgt neben dem Gas- auch einen Wasseranschluss, so dass ich bei warmem Wetter auch neben dem Anh\u00e4nger Duschen kann. Ein entsprechendes Dusch-\/WC-zelt (1,20&#215;1,20m) ist vorhanden.<\/li>\n\n\n\n<li><strong>20 Liter Frischwasser <\/strong>im Plastik-Ballon. Vom urspr\u00fcnglich montierten festen Tank bin ich abgekommen, da der 1) deutlich mehr Platz braucht und 2) in der Handhabung massiv unbequemer ist. Den Ballon kann ich problemlos herumtragen und auch mal an einem normalen Lavabo wieder bef\u00fcllen. Die druckgesteuerte Wasserpumpe ist selbstansaugend und 20 Liter reichen weit, wenn man nicht jeden Morgen ein Vollbad nimmt&#8230;<\/li>\n\n\n\n<li><strong>12 Liter Abwassertank<\/strong>, den ich praktisch nie brauche, weil sich Grauwasser meist problemlos entsorgen l\u00e4sst. Aber er ist an die Sp\u00fcle angeschlossen und stellt sicher, dass ich in der Stadt keine &#171;Hundespuren&#187; hinterlasse. <br>Beide Tanks sind im Inneren, so dass Einfrieren im Winter eigentlich kein Thema ist.<\/li>\n\n\n\n<li><strong>Geschirrschrank<\/strong> mit zwei F\u00e4chern: eins f\u00fcr Teller, Suppenschalen  und die unverzichtbaren Champagnergl\u00e4ser; eins f\u00fcr die normalen Tassen und den Messbecher 0,3 l.<\/li>\n\n\n\n<li><strong>ein grosses Fach f\u00fcr Pfannen und T\u00f6pfe<\/strong> unter der Sp\u00fcle.<\/li>\n\n\n\n<li><strong>ein ebenso grosses Fach f\u00fcr Konserven<\/strong> und weitere ungek\u00fchlt haltbare Lebensmittel &#8211; unter Anderem den unverzichtbaren Teekessel und alles, was es f\u00fcr den feinen Kaffee am Morgen braucht. <\/li>\n\n\n\n<li>Beide F\u00e4cher werden werden &#8211; ebenso wie die <strong>5 K\u00fcchenschubladen<\/strong> &#8211; w\u00e4hrend der Fahrt <strong>vom Campingtisch blockiert<\/strong>, so dass alles da bleibt, wo es hin geh\u00f6rt. Der Fuss vom Campingtisch (3-Bein, wackelfest) kann auch einen Sonnenschirm aufnehmen.<\/li>\n\n\n\n<li><strong>einen K\u00fchlschrank<\/strong>, 60 l, der wahlweise mit 220V, 12V oder Gas betrieben werden kann. Je nachdem wie warm es draussen ist kann ich die Hinterl\u00fcftung des K\u00fchlschranks wahlweise auf Umluft oder Aussenluft umstellen, so dass ich damit &#8211; insbesondere in der Zwischensaison &#8211; eine willkommene Unterst\u00fctzung zur Beheizung des Anh\u00e4ngers habe. Auf ein eigentliches Gefrierfach verzichte ich, habe mir aber f\u00fcr den Hochsommer eine Eisw\u00fcrfelmaschine zugelegt, die \u00fcber den Spannungswandler l\u00e4uft: eisgek\u00fchlter Pastis ist halt schon was Feines \ud83d\ude09<\/li>\n\n\n\n<li>Unter dem K\u00fchlschrank ist die grossz\u00fcgig dimensionierte <strong>Gasheizung<\/strong> eingebaut, welche mit Umluft und\/oder Aussenluft betrieben werden kann. Das dazu geh\u00f6rende Bedienteil erlaubt zwei Gebl\u00e4sestufen ebenso wie eine automatische Regelung auf die gew\u00fcnschte, voreingestellte Raumtemperatur. <\/li>\n<\/ul>\n\n\n\n<h3 class=\"wp-block-heading\" id=\"elektrische-ausstattung\">Elektrische Ausstattung<\/h3>\n\n\n\n<div class=\"wp-block-media-text alignwide is-stacked-on-mobile\" style=\"grid-template-columns:73% auto\"><figure class=\"wp-block-media-text__media\"><video controls src=\"https:\/\/xn--dlggs-jua7b.ch\/wp-content\/uploads\/2022\/01\/DL_Kleiderschrank_Sekretaer_Stromversorgung_Aussenschnittstellen.mp4\"><\/video><\/figure><div class=\"wp-block-media-text__content\">\n<p class=\"has-large-font-size\">Innenausbau: die rechte Seite<\/p>\n\n\n\n<p>Kleiderschrank<br>Sekret\u00e4r<br>220V- Konverter<br>Hauszentrale, Ladeger\u00e4t<br>LFP &#8211; Batterie 150AH<br>Strom- und Spannungsanzeige<br>Bluetooth-App f\u00fcr Solar <br>Rundgang Aussenanschl\u00fcsse.<\/p>\n\n\n\n<p>Nicht explizit erw\u00e4hnt: eine gut sortierte Sammlung von Adaptern f\u00fcr Gas und Strom Elektrisierend &#8211; nicht wahr?<\/p>\n<\/div><\/div>\n\n\n\n<p>Zentral f\u00fcr alles, was 12 Volt ist, ist eine <strong>150 AH LFP-Batterie<\/strong> (LiFePO4). Die \u00dcberwachung der Batterie erfolgt mit der direkt neben der Seitent\u00fcr eingebauten, sehr genauen <strong>Spannungs- \/ Ladungs- \/ Stromanzeige<\/strong>.<\/p>\n\n\n\n<p>W\u00e4hrend der Saison wird mit 2 in Serie geschalteten <strong>Solarpanels<\/strong> \u00e0 120 Watt der t\u00e4gliche Stromverbrauch fortlaufend ersetzt. Die Solaranlage verf\u00fcgt \u00fcber einen <strong>MPPT-Regler<\/strong> f\u00fcr maximal 100V\/15A. Mit der Bluetooth-App kann ich die momentane Leistung und andere Daten abfragen. Den bisher h\u00f6chsten Ladestrom hab ich letzten September mit rund 10A erreicht.<\/p>\n\n\n\n<p>Die <strong>Hauszentrale<\/strong> ist das Bindeglied zwischen Batterie und Verbrauchern: Alle Anschl\u00fcsse (Innenbeleuchtung, Wasserpumpe, K\u00fchlschrank, Heizung, 10 USB-Steckdosen, 2 12V Steckdosen, Sekret\u00e4rbeleuchtung, Schwarzlicht und Farblicht im Schlafzimmer, zwei einstellbare Leseleuchten, farbige K\u00fcchenleuchte) sind dort abgesichert, wobei acht der zehn USB-Anschl\u00fcsse &#8211; wie auch die Einstiegsbeleuchtung &#8211; auch Strom haben, wenn der Hauptschalter im Bedienteil der Hauszentrale neben dem Herd aus ist:<\/p>\n\n\n\n<p><strong>Aussenanschluss 220 V<\/strong>, abgesichert mit 10A. Direkt daneben der Anschluss f\u00fcr das Ladeger\u00e4t in der Hauszentrale. Auf der anderen Seite vom Anh\u00e4nger 220V f\u00fcr den K\u00fchlschrank und die freie Steckdose unter dem Bedienteil der Hauszentrale. Letztere hat auch nochmal 2 USB Anschl\u00fcsse.<\/p>\n\n\n\n<p><strong>Konverter 12V auf 220V, 2000W<\/strong> reiner Sinus, 3000W Spitze: Der eine Anschluss f\u00fcttert die interne 220V Installation (Vorrangschaltung zu Landstrom per Relais), der andere geht auf eine kurze Verl\u00e4ngerung mit Schweizer System. F\u00fcr&#8217;s Ladeger\u00e4t vom Akkuschrauber oder Handys, f\u00fcr die Eismaschine und sogar f\u00fcr die <a href=\"https:\/\/d\u00f6l\u00fcggs.ch\/?page_id=810\" target=\"_blank\" rel=\"noreferrer noopener\">Bierzisterne<\/a> reicht&#8217;s allemal und hat auch nochmal 2 USB Anschl\u00fcsse.<\/p>\n\n\n\n<p>Die <strong>Unterputz-Steckdose 220V<\/strong> ist ein bisschen speziell: da hab ich ein Modell verbaut, wie es in Hotels \u00fcblich ist d.h. ohne Adapter k\u00f6nnen Schweizer, Italienische, Englische, Amerikanische, Deutsche, Franz\u00f6sische, &#8230; Ger\u00e4te angeschlossen werden &#8211; mit Masseanschluss! Die Steckdose hat ausserdem auch nochmal 2 USB-Anschl\u00fcsse (, die nat\u00fcrlich nur funktionieren, wenn 220V anliegen).<\/p>\n\n\n\n<p><strong>Sicherungen<\/strong>: neben den zwei 220V Sicherungen gibt es 4 Sicherungen f\u00fcr &#171;Grossverbraucher&#187; (Ladeger\u00e4t, Solaranlage, 2x Spannungswandler), sowie in der Hauszentrale nochmal 6 Sicherungen f\u00fcr die einzelnen 12V-Schaltkreise. Etliche der Endger\u00e4te sind aber nochmal am oder im Ger\u00e4t selber gesichert: der Leitungsschutz ist sichergestellt.<\/p>\n\n\n\n<h3 class=\"wp-block-heading\" id=\"schlafen\">Schlafen <\/h3>\n\n\n\n<div class=\"wp-block-media-text alignwide is-stacked-on-mobile\" style=\"grid-template-columns:76% auto\"><figure class=\"wp-block-media-text__media\"><video controls src=\"https:\/\/xn--dlggs-jua7b.ch\/wp-content\/uploads\/2022\/01\/DL_Bettaufbau_bis_Sternenhimmel.mp4\"><\/video><\/figure><div class=\"wp-block-media-text__content\">\n<p class=\"has-large-font-size\">vom Bettenaufbau bis zum Sternenhimmel<\/p>\n<\/div><\/div>\n\n\n\n<p>Die Sitzbank l\u00e4sst sich mit einem Handgriff in ein &#8218;queen size&#8216; Bett verwandeln: 1,55 * 2m. Selbstgen\u00e4hte Vorh\u00e4nge rundum (und wo n\u00f6tig der Sichtschutz durch die Herdabdeckung) stellen sicher, dass die Intimit\u00e4t gewahrt bleibt. Das neue Aufstelldach verf\u00fcgt \u00fcber ein eigenes Oberlicht \u00fcber dem Geschirrschrank, so dass tags\u00fcber gen\u00fcgend Licht und Aussicht im Innenraum vorhanden ist. A propos: nicht nur in der Plane gibt es Licht, sondern auch direkt \u00fcber dem Bett &#8211; mit einer entsprechenden Dachluke. Zum Bel\u00fcften l\u00e4sst sich ausserdem das Hubdach vorne und hinten grossfl\u00e4chig \u00f6ffnen: diese Konstruktion hatte sich weiland (1999) in Griechenland schon sehr bew\u00e4hrt. Alle Dach\u00f6ffnungen verf\u00fcgen \u00fcber Moskitogitter.<\/p>\n\n\n\n<h3 class=\"wp-block-heading\" id=\"und-was-es-sonst-noch-so-gibt\">&#8230;und was es sonst noch so gibt&#8230;<\/h3>\n\n\n\n<p>Keine abschliessende Aufz\u00e4hlung, aber vielleicht erw\u00e4hnenswert:<\/p>\n\n\n\n<ul class=\"wp-block-list\">\n<li>Direkt neben der Seitent\u00fcr ein <strong>H\u00f6henmesser<\/strong> (Altimeter), der mir hilft das hohe Niveau des Ausbaus sicherzustellen.<\/li>\n\n\n\n<li>Seit dem Wiederaufbau 2020\/2021 ist der Anh\u00e4nger durchgehend mit <strong>2 cm X-trem-Isolator<\/strong> isoliert.<\/li>\n\n\n\n<li><strong>WLAN \/ Internet (via Hotspot) \/ NAS (2 TB)<\/strong>&#8230; f\u00fcr den Informatiker schon fast ein Muss. Ein 10 Zoll Tablet und eine Bluetooth-Boomer-Box mit DAB+ vervollst\u00e4ndigen die Multimedia-Ausstattung.<\/li>\n\n\n\n<li>Ein f\u00fcr mich als Linksh\u00e4nder ausgelegter <strong>Arbeits-Sekret\u00e4<\/strong>r mit geeigneter Beleuchtung, falls dann wider Erwarten doch mal B\u00fcroarbeiten anfallen.<\/li>\n\n\n\n<li>Zwei kleine <strong>Klapphocker<\/strong> an den hinteren T\u00fcren &#8211; f\u00fcr den Sekret\u00e4r oder auch mal draussen.<\/li>\n\n\n\n<li>Ein <strong>Kleiderschrank<\/strong>, in dem n\u00f6tigenfalls auch mal die Abendgarderobe knitterfrei aufgeh\u00e4ngt werden kann.<\/li>\n\n\n\n<li><strong>weitere Ablagen f\u00fcr &#171;Kleinkram&#187;<\/strong> &#8211; angefangen bei der H\u00e4ngematte, \u00fcber das N\u00e4hzeug und die Hausapotheke bis hin zu einem gut sortierten Fundus an USB-Kabeln und anderen Kabeln und Elektrik-Kleinteilen.<\/li>\n\n\n\n<li>Nicht zu vergessen die speziellen <strong>K\u00f6rbe<\/strong> f\u00fcr Schreibzeug und K\u00fcchengew\u00fcrze.<\/li>\n\n\n\n<li>Sowohl der K\u00fchlschrank wie auch der Geschirrschrank verf\u00fcgen \u00fcber eine wiederaufladbare, magnetisch befestigte <strong>automatische Innenbeleuchtung<\/strong>. Ist halt schon sehr praktisch.<\/li>\n\n\n\n<li>Seit dem Fr\u00fchjahr 2024 hat der Anh\u00e4nger ausserdem <strong>Isolations-Matten (aussen silbern, innen grau &#8211; wie man sie aus den Kompaktcampern kennt)<\/strong>, die mit Klettverschl\u00fcssen oder Saugn\u00e4pfen befestigt werden und alle Fenster sowie das komplette, aufgestellte Hubdach abdecken. Das erh\u00f6ht die Winterfestigkeit. Das Fenster im Hubdach bleibt &#8211; wie auch die L\u00fcftungen nach vorne und hinten &#8211; weiterhin nutzbar.<\/li>\n<\/ul>\n\n\n\n<p>&#8230;und last but definitely not least: ein neues, gr\u00f6sseres <strong>Porta Potti<\/strong>, was sich &#8211; da jederzeit zug\u00e4nglich &#8211; insbesondere in der Agglomeration als unsch\u00e4tzbares &#171;Luxusgut&#187; vielfach bew\u00e4hrt hat.<\/p>\n\n\n\n<div class=\"wp-block-buttons is-layout-flex wp-block-buttons-is-layout-flex\">\n<div class=\"wp-block-button\"><a class=\"wp-block-button__link wp-element-button\" href=\"https:\/\/xn--dlggs-jua7b.ch\/\">Zur\u00fcck<\/a><\/div>\n<\/div>\n\n\n\n<p><\/p>\n","protected":false},"excerpt":{"rendered":"<p>Gebaut wurde der Wohnanh\u00e4nger 1997 bis 1999 &#8211; mit einem Jahr Unterbruch, um gewisse Design- und Materialprobleme richtig l\u00f6sen zu k\u00f6nnen. Die Jungfernfahrt des Sattelschleppers ging ans 2CV Welttreffen 1999 in Griechenland. Die Sattelkupplung auf dem Zugfahrzeug &#8211; ein Grossserienteil von G+F, wie man es z.B. auf den Iveco Turbo Daily findet &#8211; ist &#171;nur&#187; [&hellip;]<\/p>\n","protected":false},"author":2,"featured_media":0,"parent":0,"menu_order":0,"comment_status":"closed","ping_status":"closed","template":"","meta":{"footnotes":""},"class_list":["post-254","page","type-page","status-publish","hentry"],"_links":{"self":[{"href":"https:\/\/xn--dlggs-jua7b.ch\/index.php?rest_route=\/wp\/v2\/pages\/254","targetHints":{"allow":["GET"]}}],"collection":[{"href":"https:\/\/xn--dlggs-jua7b.ch\/index.php?rest_route=\/wp\/v2\/pages"}],"about":[{"href":"https:\/\/xn--dlggs-jua7b.ch\/index.php?rest_route=\/wp\/v2\/types\/page"}],"author":[{"embeddable":true,"href":"https:\/\/xn--dlggs-jua7b.ch\/index.php?rest_route=\/wp\/v2\/users\/2"}],"replies":[{"embeddable":true,"href":"https:\/\/xn--dlggs-jua7b.ch\/index.php?rest_route=%2Fwp%2Fv2%2Fcomments&post=254"}],"version-history":[{"count":68,"href":"https:\/\/xn--dlggs-jua7b.ch\/index.php?rest_route=\/wp\/v2\/pages\/254\/revisions"}],"predecessor-version":[{"id":2960,"href":"https:\/\/xn--dlggs-jua7b.ch\/index.php?rest_route=\/wp\/v2\/pages\/254\/revisions\/2960"}],"wp:attachment":[{"href":"https:\/\/xn--dlggs-jua7b.ch\/index.php?rest_route=%2Fwp%2Fv2%2Fmedia&parent=254"}],"curies":[{"name":"wp","href":"https:\/\/api.w.org\/{rel}","templated":true}]}}