{"id":22,"date":"2021-06-07T13:24:05","date_gmt":"2021-06-07T13:24:05","guid":{"rendered":"http:\/\/xn--dlggs-jua7b.ch\/?page_id=22"},"modified":"2025-03-30T11:50:25","modified_gmt":"2025-03-30T09:50:25","slug":"ueber-uns","status":"publish","type":"page","link":"https:\/\/xn--dlggs-jua7b.ch\/?page_id=22","title":{"rendered":"\u00dcber mich"},"content":{"rendered":"\n<figure class=\"wp-block-embed is-type-video is-provider-youtube wp-block-embed-youtube wp-embed-aspect-16-9 wp-has-aspect-ratio\"><div class=\"wp-block-embed__wrapper\">\n<iframe loading=\"lazy\" title=\"Die Philosophie von D\u00f6l\u00fcggs (Fran\u00e7ais, Englisch subtitles)\" width=\"580\" height=\"326\" src=\"https:\/\/www.youtube.com\/embed\/mPutXZja1Rg?feature=oembed\" frameborder=\"0\" allow=\"accelerometer; autoplay; clipboard-write; encrypted-media; gyroscope; picture-in-picture; web-share\" referrerpolicy=\"strict-origin-when-cross-origin\" allowfullscreen><\/iframe>\n<\/div><figcaption class=\"wp-element-caption\">Die Philosophie von D\u00f6l\u00fcggs &#8211; franz\u00f6sich, englische Untertitel; (himmeltraurige) automatische \u00dcbersetzung verf\u00fcgbar.<\/figcaption><\/figure>\n\n\n\n<p>D\u00f6l\u00fcggs und alle seine Derivate sind dem Hirn, der Feder und den H\u00e4nden eines gewissen Bernd Geldmacher entsprungen. Seine Liebe zum 2CV und anderen Citro\u00ebns der \u00c4ra Michelin hat er schon in sehr jungen Jahren entdeckt: famili\u00e4r vorbelastet durch den Vater und eine Tante (die andere Tante fuhr Mercedes &#8211; weswegen er deren Autos aus dieser Zeit auch ganz nett findet).<\/p>\n\n\n\n<p>Von Haus aus akademisch gepr\u00e4gt hat er seine handwerkliche Seite immer gepflegt und es darin &#8211; wie Figura zeigt &#8211; auch zu einer gewissen Reife gebracht.<\/p>\n\n\n\n<figure class=\"wp-block-image size-full\"><img loading=\"lazy\" decoding=\"async\" width=\"883\" height=\"334\" src=\"https:\/\/xn--dlggs-jua7b.ch\/wp-content\/uploads\/2023\/02\/George-Bernhard-Shaw.png\" alt=\"\" class=\"wp-image-1108\" srcset=\"https:\/\/xn--dlggs-jua7b.ch\/wp-content\/uploads\/2023\/02\/George-Bernhard-Shaw.png 883w, https:\/\/xn--dlggs-jua7b.ch\/wp-content\/uploads\/2023\/02\/George-Bernhard-Shaw-300x113.png 300w, https:\/\/xn--dlggs-jua7b.ch\/wp-content\/uploads\/2023\/02\/George-Bernhard-Shaw-768x291.png 768w\" sizes=\"auto, (max-width: 883px) 100vw, 883px\" \/><figcaption class=\"wp-element-caption\">George Bernhard Shaw<\/figcaption><\/figure>\n\n\n\n<p><strong>Und bevor man irgendwelchen Inhalt von meiner Webseite abkupfert oder auch, wenn man weitergehende Fragen hat: <\/strong><\/p>\n\n\n\n<p>Man kann mich erreichen unter <a href=\"mailto:info@comunicon.ch\">INFO@D\u00d6L\u00dcGGS.CH<\/a><\/p>\n\n\n\n<p>Eine ganz andere Facette von mir: <a href=\"https:\/\/hartmannschedel.ch\" target=\"_blank\" rel=\"noreferrer noopener\">HIER<\/a><a href=\"https:\/\/xn--dlggs-jua7b.ch\/wp-login.php?loggedout=true&amp;wp_lang=de_CH\">.<\/a><\/p>\n\n\n\n<div class=\"wp-block-buttons is-layout-flex wp-block-buttons-is-layout-flex\">\n<div class=\"wp-block-button\"><a class=\"wp-block-button__link wp-element-button\" href=\"https:\/\/xn--dlggs-jua7b.ch\/\">Zur\u00fcck zur Hauptseite<\/a><\/div>\n<\/div>\n\n\n\n<p><\/p>\n","protected":false},"excerpt":{"rendered":"<p>D\u00f6l\u00fcggs und alle seine Derivate sind dem Hirn, der Feder und den H\u00e4nden eines gewissen Bernd Geldmacher entsprungen. Seine Liebe zum 2CV und anderen Citro\u00ebns der \u00c4ra Michelin hat er schon in sehr jungen Jahren entdeckt: famili\u00e4r vorbelastet durch den Vater und eine Tante (die andere Tante fuhr Mercedes &#8211; weswegen er deren Autos aus [&hellip;]<\/p>\n","protected":false},"author":2,"featured_media":0,"parent":0,"menu_order":0,"comment_status":"closed","ping_status":"closed","template":"","meta":{"footnotes":""},"class_list":["post-22","page","type-page","status-publish","hentry"],"_links":{"self":[{"href":"https:\/\/xn--dlggs-jua7b.ch\/index.php?rest_route=\/wp\/v2\/pages\/22","targetHints":{"allow":["GET"]}}],"collection":[{"href":"https:\/\/xn--dlggs-jua7b.ch\/index.php?rest_route=\/wp\/v2\/pages"}],"about":[{"href":"https:\/\/xn--dlggs-jua7b.ch\/index.php?rest_route=\/wp\/v2\/types\/page"}],"author":[{"embeddable":true,"href":"https:\/\/xn--dlggs-jua7b.ch\/index.php?rest_route=\/wp\/v2\/users\/2"}],"replies":[{"embeddable":true,"href":"https:\/\/xn--dlggs-jua7b.ch\/index.php?rest_route=%2Fwp%2Fv2%2Fcomments&post=22"}],"version-history":[{"count":24,"href":"https:\/\/xn--dlggs-jua7b.ch\/index.php?rest_route=\/wp\/v2\/pages\/22\/revisions"}],"predecessor-version":[{"id":2626,"href":"https:\/\/xn--dlggs-jua7b.ch\/index.php?rest_route=\/wp\/v2\/pages\/22\/revisions\/2626"}],"wp:attachment":[{"href":"https:\/\/xn--dlggs-jua7b.ch\/index.php?rest_route=%2Fwp%2Fv2%2Fmedia&parent=22"}],"curies":[{"name":"wp","href":"https:\/\/api.w.org\/{rel}","templated":true}]}}