{"id":21,"date":"2021-06-07T13:24:05","date_gmt":"2021-06-07T13:24:05","guid":{"rendered":"http:\/\/xn--dlggs-jua7b.ch\/?page_id=21"},"modified":"2026-02-05T02:20:53","modified_gmt":"2026-02-05T01:20:53","slug":"create-your-website-with-blocks","status":"publish","type":"page","link":"https:\/\/xn--dlggs-jua7b.ch\/","title":{"rendered":"D\u00f6schwo D\u00f6l\u00fcggs"},"content":{"rendered":"\n<figure class=\"wp-block-table\"><table class=\"has-fixed-layout\"><tbody><tr><td><a href=\"https:\/\/0-dlggs--jua7b-ch.translate.goog\/?_x_tr_enc=0&amp;_x_tr_sl=de&amp;_x_tr_tl=en&amp;_x_tr_hl=de&amp;_x_tr_pto=wapp\"><img loading=\"lazy\" decoding=\"async\" width=\"64\" height=\"48\" class=\"wp-image-2041\" style=\"width: 64px;\" src=\"https:\/\/xn--dlggs-jua7b.ch\/wp-content\/uploads\/2024\/05\/united_kingdom_round_icon_64.png\" alt=\"English\"><\/a><\/td><td><a href=\"https:\/\/0-dlggs--jua7b-ch.translate.goog\/?_x_tr_enc=0&amp;_x_tr_sl=de&amp;_x_tr_tl=fr&amp;_x_tr_hl=de&amp;_x_tr_pto=wapp\"><img loading=\"lazy\" decoding=\"async\" width=\"64\" height=\"48\" class=\"wp-image-2042\" style=\"width: 64px;\" src=\"https:\/\/xn--dlggs-jua7b.ch\/wp-content\/uploads\/2024\/05\/france_round_icon_64.png\" alt=\"Fran\u00e7ais\"><\/a><\/td><td><a href=\"https:\/\/0-dlggs--jua7b-ch.translate.goog\/?_x_tr_enc=0&amp;_x_tr_sl=de&amp;_x_tr_tl=it&amp;_x_tr_hl=de&amp;_x_tr_pto=wapp\"><img loading=\"lazy\" decoding=\"async\" width=\"64\" height=\"48\" class=\"wp-image-2043\" style=\"width: 64px;\" src=\"https:\/\/xn--dlggs-jua7b.ch\/wp-content\/uploads\/2024\/05\/italy_round_icon_64.png\" alt=\"Italiano\"><\/a><\/td><td><a href=\"https:\/\/0-dlggs--jua7b-ch.translate.goog\/?_x_tr_enc=0&amp;_x_tr_sl=de&amp;_x_tr_tl=nl&amp;_x_tr_hl=de&amp;_x_tr_pto=wapp\"><img loading=\"lazy\" decoding=\"async\" width=\"64\" height=\"48\" class=\"wp-image-2045\" style=\"width: 64px;\" src=\"https:\/\/xn--dlggs-jua7b.ch\/wp-content\/uploads\/2024\/05\/netherlands_round_icon_64.png\" alt=\"Nederlands\"><\/a><\/td><td><a href=\"https:\/\/0-dlggs--jua7b-ch.translate.goog\/?_x_tr_enc=0&amp;_x_tr_sl=de&amp;_x_tr_tl=pt&amp;_x_tr_hl=de&amp;_x_tr_pto=wapp\"><img loading=\"lazy\" decoding=\"async\" width=\"64\" height=\"48\" class=\"wp-image-2046\" style=\"width: 64px;\" src=\"https:\/\/xn--dlggs-jua7b.ch\/wp-content\/uploads\/2024\/05\/portugal_round_icon_64.png\" alt=\"Portugu\u00eas\"><\/a><\/td><td><a href=\"https:\/\/0-dlggs--jua7b-ch.translate.goog\/?_x_tr_enc=0&amp;_x_tr_sl=de&amp;_x_tr_tl=es&amp;_x_tr_hl=de&amp;_x_tr_pto=wapp\"><img loading=\"lazy\" decoding=\"async\" width=\"64\" height=\"48\" class=\"wp-image-2047\" style=\"width: 64px;\" src=\"https:\/\/xn--dlggs-jua7b.ch\/wp-content\/uploads\/2024\/05\/spain_round_icon_64.png\" alt=\"Espa\u00f1ol\"><\/a><\/td><td><a href=\"https:\/\/0-dlggs--jua7b-ch.translate.goog\/?_x_tr_enc=0&amp;_x_tr_sl=de&amp;_x_tr_tl=ru&amp;_x_tr_hl=de&amp;_x_tr_pto=wapp\"><img loading=\"lazy\" decoding=\"async\" width=\"64\" height=\"48\" class=\"wp-image-2051\" style=\"width: 64px;\" src=\"https:\/\/xn--dlggs-jua7b.ch\/wp-content\/uploads\/2024\/05\/russia_round_icon_64.png\" alt=\"\u0420\u0443\u0441\u0441\u043a\u0438\u0439\"><\/a><\/td><td><a href=\"https:\/\/0-dlggs--jua7b-ch.translate.goog\/?_x_tr_enc=0&amp;_x_tr_sl=de&amp;_x_tr_tl=zh-CN&amp;_x_tr_hl=de&amp;_x_tr_pto=wapp\"><img loading=\"lazy\" decoding=\"async\" width=\"64\" height=\"48\" class=\"wp-image-2052\" style=\"width: 64px;\" src=\"https:\/\/xn--dlggs-jua7b.ch\/wp-content\/uploads\/2024\/05\/china_round_icon_64.png\" alt=\"\u4e2d\u56fd\u4eba\"><\/a><\/td><td><a href=\"https:\/\/0-dlggs--jua7b-ch.translate.goog\/?_x_tr_enc=0&amp;_x_tr_sl=de&amp;_x_tr_tl=ja&amp;_x_tr_hl=de&amp;_x_tr_pto=wapp\"><img loading=\"lazy\" decoding=\"async\" width=\"64\" height=\"48\" class=\"wp-image-2054\" style=\"width: 64px;\" src=\"https:\/\/xn--dlggs-jua7b.ch\/wp-content\/uploads\/2024\/05\/japan_round_icon_64.png\" alt=\"\u65e5\u672c\u8a9e\"><\/a><\/td><\/tr><\/tbody><\/table><\/figure>\n\n\n\n<p class=\"has-large-font-size\"><strong>D\u00f6l\u00fcggs &#8211; Der Schweizer Citro\u00ebn 2CV Sattelschlepper<\/strong><\/p>\n\n\n\n<div class=\"alignnormal\"><div id=\"metaslider-id-1080\" style=\"max-width: 800px; margin: 0 auto;\" class=\"ml-slider-3-107-0 metaslider metaslider-nivo metaslider-1080 ml-slider ms-theme-default\" role=\"region\" aria-label=\"New Slideshow\" data-height=\"600\" data-width=\"800\">\n    <div id=\"metaslider_container_1080\">\n        <div class='slider-wrapper theme-default'><div class='ribbon'><\/div><div id='metaslider_1080' class='nivoSlider'><img loading=\"lazy\" decoding=\"async\" src=\"https:\/\/xn--dlggs-jua7b.ch\/wp-content\/uploads\/2024\/04\/dl3-784x588.jpg\" height=\"600\" width=\"800\" title=\"dl3\" alt=\"\" class=\"slider-1080 slide-1944 msDefaultImage\" \/><img loading=\"lazy\" decoding=\"async\" src=\"https:\/\/xn--dlggs-jua7b.ch\/wp-content\/uploads\/2022\/05\/IMG20220508112509-scaled-800x600.jpg\" height=\"600\" width=\"800\" title=\"IMG20220508112509\" alt=\"\" class=\"slider-1080 slide-1090 msDefaultImage\" \/><img loading=\"lazy\" decoding=\"async\" src=\"https:\/\/xn--dlggs-jua7b.ch\/wp-content\/uploads\/2021\/10\/This-cars-got-balls-800x600.png\" height=\"600\" width=\"800\" title=\"This-cars-got-balls\" alt=\"\" class=\"slider-1080 slide-1092 msDefaultImage\" \/><img loading=\"lazy\" decoding=\"async\" src=\"https:\/\/xn--dlggs-jua7b.ch\/wp-content\/uploads\/2022\/03\/PICT1158-800x600.jpg\" height=\"600\" width=\"800\" title=\"PICT1158\" alt=\"\" class=\"slider-1080 slide-1081 msDefaultImage\" \/><img loading=\"lazy\" decoding=\"async\" src=\"https:\/\/xn--dlggs-jua7b.ch\/wp-content\/uploads\/2022\/01\/Zugfz-54-scaled-e1646574371325-800x600.jpg\" height=\"600\" width=\"800\" title=\"Zugfz-54\" alt=\"\" class=\"slider-1080 slide-1093 msDefaultImage\" \/><img loading=\"lazy\" decoding=\"async\" src=\"https:\/\/xn--dlggs-jua7b.ch\/wp-content\/uploads\/2021\/06\/Bildschirmfoto-vom-2021-06-14-18-34-06-800x600.png\" height=\"600\" width=\"800\" title=\"Bildschirmfoto vom 2021-06-14 18-34-06\" alt=\"\" class=\"slider-1080 slide-1094 msDefaultImage\" \/><img loading=\"lazy\" decoding=\"async\" src=\"https:\/\/xn--dlggs-jua7b.ch\/wp-content\/uploads\/2024\/04\/1998-08-526x395.jpg\" height=\"600\" width=\"800\" title=\"1998-08\" alt=\"\" class=\"slider-1080 slide-1943 msDefaultImage\" \/><img loading=\"lazy\" decoding=\"async\" src=\"https:\/\/xn--dlggs-jua7b.ch\/wp-content\/uploads\/2023\/04\/IMG20221015114635-scaled-800x600.jpg\" height=\"600\" width=\"800\" title=\"IMG20221015114635\" alt=\"\" class=\"slider-1080 slide-1192 msDefaultImage\" \/><img loading=\"lazy\" decoding=\"async\" src=\"https:\/\/xn--dlggs-jua7b.ch\/wp-content\/uploads\/2024\/04\/20170428_073649a-rotated-360x270.jpg\" height=\"600\" width=\"800\" title=\"20170428_073649a\" alt=\"\" class=\"slider-1080 slide-1945 msDefaultImage\" \/><img loading=\"lazy\" decoding=\"async\" src=\"https:\/\/xn--dlggs-jua7b.ch\/wp-content\/uploads\/2023\/02\/Me-800x600.jpeg\" height=\"600\" width=\"800\" title=\"Me\" alt=\"\" class=\"slider-1080 slide-1095 msDefaultImage\" \/><img loading=\"lazy\" decoding=\"async\" src=\"https:\/\/xn--dlggs-jua7b.ch\/wp-content\/uploads\/2024\/10\/Bildschirmfoto-vom-2024-10-10-21-48-53-800x600.png\" height=\"600\" width=\"800\" title=\"Bildschirmfoto vom 2024-10-10 21-48-53\" alt=\"\" class=\"slider-1080 slide-2357 msDefaultImage\" \/><\/div><\/div>\n        \n    <\/div>\n<\/div><\/div>\n\n\n\n<p>-&gt; -&gt; -&gt; <strong>Klick auf eins der folgenden Bilder:<\/strong> &lt;- &lt;- &lt;-<\/p>\n\n\n\n<div class=\"wp-block-columns is-layout-flex wp-container-core-columns-is-layout-9d6595d7 wp-block-columns-is-layout-flex\">\n<div class=\"wp-block-column is-layout-flow wp-block-column-is-layout-flow\">\n<figure class=\"wp-block-image size-large\"><a href=\"https:\/\/xn--dlggs-jua7b.ch\/?page_id=442\"><img loading=\"lazy\" decoding=\"async\" width=\"1024\" height=\"708\" src=\"https:\/\/xn--dlggs-jua7b.ch\/wp-content\/uploads\/2021\/10\/Zugfz-Bruecke-gekippt-1024x708.jpg\" alt=\"\" class=\"wp-image-87\" srcset=\"https:\/\/xn--dlggs-jua7b.ch\/wp-content\/uploads\/2021\/10\/Zugfz-Bruecke-gekippt-1024x708.jpg 1024w, https:\/\/xn--dlggs-jua7b.ch\/wp-content\/uploads\/2021\/10\/Zugfz-Bruecke-gekippt-300x207.jpg 300w, https:\/\/xn--dlggs-jua7b.ch\/wp-content\/uploads\/2021\/10\/Zugfz-Bruecke-gekippt-768x531.jpg 768w, https:\/\/xn--dlggs-jua7b.ch\/wp-content\/uploads\/2021\/10\/Zugfz-Bruecke-gekippt-1536x1061.jpg 1536w, https:\/\/xn--dlggs-jua7b.ch\/wp-content\/uploads\/2021\/10\/Zugfz-Bruecke-gekippt-1568x1083.jpg 1568w, https:\/\/xn--dlggs-jua7b.ch\/wp-content\/uploads\/2021\/10\/Zugfz-Bruecke-gekippt.jpg 1951w\" sizes=\"auto, (max-width: 1024px) 100vw, 1024px\" \/><\/a><figcaption class=\"wp-element-caption\">1997: Kipperbr\u00fccke mit Plane<\/figcaption><\/figure>\n<\/div>\n\n\n\n<div class=\"wp-block-column is-layout-flow wp-block-column-is-layout-flow\">\n<figure class=\"wp-block-image size-large\"><a href=\"https:\/\/d\u00f6l\u00fcggs.ch\/?page_id=254\"><img loading=\"lazy\" decoding=\"async\" width=\"1024\" height=\"549\" src=\"https:\/\/xn--dlggs-jua7b.ch\/wp-content\/uploads\/2021\/10\/Zugfz-und-Auflieger-in-Fahrt2-1024x549.jpg\" alt=\"\" class=\"wp-image-92\" srcset=\"https:\/\/xn--dlggs-jua7b.ch\/wp-content\/uploads\/2021\/10\/Zugfz-und-Auflieger-in-Fahrt2-1024x549.jpg 1024w, https:\/\/xn--dlggs-jua7b.ch\/wp-content\/uploads\/2021\/10\/Zugfz-und-Auflieger-in-Fahrt2-300x161.jpg 300w, https:\/\/xn--dlggs-jua7b.ch\/wp-content\/uploads\/2021\/10\/Zugfz-und-Auflieger-in-Fahrt2-768x412.jpg 768w, https:\/\/xn--dlggs-jua7b.ch\/wp-content\/uploads\/2021\/10\/Zugfz-und-Auflieger-in-Fahrt2-1536x824.jpg 1536w, https:\/\/xn--dlggs-jua7b.ch\/wp-content\/uploads\/2021\/10\/Zugfz-und-Auflieger-in-Fahrt2-1568x841.jpg 1568w, https:\/\/xn--dlggs-jua7b.ch\/wp-content\/uploads\/2021\/10\/Zugfz-und-Auflieger-in-Fahrt2.jpg 1960w\" sizes=\"auto, (max-width: 1024px) 100vw, 1024px\" \/><\/a><figcaption class=\"wp-element-caption\">1999: Sattelschlepper \/ Wohnanh\u00e4nger<\/figcaption><\/figure>\n<\/div>\n<\/div>\n\n\n\n<div class=\"wp-block-columns is-layout-flex wp-container-core-columns-is-layout-9d6595d7 wp-block-columns-is-layout-flex\">\n<div class=\"wp-block-column is-layout-flow wp-block-column-is-layout-flow\">\n<figure class=\"wp-block-image size-large\"><a href=\"https:\/\/xn--dlggs-jua7b.ch\/?page_id=393\"><img loading=\"lazy\" decoding=\"async\" width=\"1024\" height=\"768\" src=\"https:\/\/xn--dlggs-jua7b.ch\/wp-content\/uploads\/2022\/04\/IMG20220420112730-1024x768.jpg\" alt=\"\" class=\"wp-image-670\" srcset=\"https:\/\/xn--dlggs-jua7b.ch\/wp-content\/uploads\/2022\/04\/IMG20220420112730-1024x768.jpg 1024w, https:\/\/xn--dlggs-jua7b.ch\/wp-content\/uploads\/2022\/04\/IMG20220420112730-300x225.jpg 300w, https:\/\/xn--dlggs-jua7b.ch\/wp-content\/uploads\/2022\/04\/IMG20220420112730-768x576.jpg 768w, https:\/\/xn--dlggs-jua7b.ch\/wp-content\/uploads\/2022\/04\/IMG20220420112730-1536x1152.jpg 1536w, https:\/\/xn--dlggs-jua7b.ch\/wp-content\/uploads\/2022\/04\/IMG20220420112730-2048x1536.jpg 2048w, https:\/\/xn--dlggs-jua7b.ch\/wp-content\/uploads\/2022\/04\/IMG20220420112730-1568x1176.jpg 1568w, https:\/\/xn--dlggs-jua7b.ch\/wp-content\/uploads\/2022\/04\/IMG20220420112730-scaled-800x600.jpg 800w, https:\/\/xn--dlggs-jua7b.ch\/wp-content\/uploads\/2022\/04\/IMG20220420112730-scaled-620x465.jpg 620w, https:\/\/xn--dlggs-jua7b.ch\/wp-content\/uploads\/2022\/04\/IMG20220420112730-scaled-400x300.jpg 400w\" sizes=\"auto, (max-width: 1024px) 100vw, 1024px\" \/><\/a><figcaption class=\"wp-element-caption\">1999-2000: Transportachse (und weitere An- und Umbauten)<\/figcaption><\/figure>\n<\/div>\n\n\n\n<div class=\"wp-block-column is-layout-flow wp-block-column-is-layout-flow\">\n<figure class=\"wp-block-image size-large\"><a href=\"https:\/\/xn--dlggs-jua7b.ch\/?page_id=417\"><img loading=\"lazy\" decoding=\"async\" width=\"1024\" height=\"768\" src=\"https:\/\/xn--dlggs-jua7b.ch\/wp-content\/uploads\/2021\/10\/PICT0035-1024x768.jpg\" alt=\"\" class=\"wp-image-93\" srcset=\"https:\/\/xn--dlggs-jua7b.ch\/wp-content\/uploads\/2021\/10\/PICT0035-1024x768.jpg 1024w, https:\/\/xn--dlggs-jua7b.ch\/wp-content\/uploads\/2021\/10\/PICT0035-300x225.jpg 300w, https:\/\/xn--dlggs-jua7b.ch\/wp-content\/uploads\/2021\/10\/PICT0035-768x576.jpg 768w, https:\/\/xn--dlggs-jua7b.ch\/wp-content\/uploads\/2021\/10\/PICT0035-1536x1152.jpg 1536w, https:\/\/xn--dlggs-jua7b.ch\/wp-content\/uploads\/2021\/10\/PICT0035-2048x1536.jpg 2048w, https:\/\/xn--dlggs-jua7b.ch\/wp-content\/uploads\/2021\/10\/PICT0035-1568x1176.jpg 1568w\" sizes=\"auto, (max-width: 1024px) 100vw, 1024px\" \/><\/a><figcaption class=\"wp-element-caption\">2004: Muldenkipper<\/figcaption><\/figure>\n<\/div>\n<\/div>\n\n\n\n<div class=\"wp-block-columns is-layout-flex wp-container-core-columns-is-layout-9d6595d7 wp-block-columns-is-layout-flex\">\n<div class=\"wp-block-column is-layout-flow wp-block-column-is-layout-flow\">\n<figure class=\"wp-block-image size-large\"><a href=\"https:\/\/xn--dlggs-jua7b.ch\/?page_id=327\"><img loading=\"lazy\" decoding=\"async\" width=\"1024\" height=\"768\" src=\"https:\/\/xn--dlggs-jua7b.ch\/wp-content\/uploads\/2022\/03\/20140425_124233-1024x768.jpg\" alt=\"\" class=\"wp-image-333\" srcset=\"https:\/\/xn--dlggs-jua7b.ch\/wp-content\/uploads\/2022\/03\/20140425_124233-1024x768.jpg 1024w, https:\/\/xn--dlggs-jua7b.ch\/wp-content\/uploads\/2022\/03\/20140425_124233-300x225.jpg 300w, https:\/\/xn--dlggs-jua7b.ch\/wp-content\/uploads\/2022\/03\/20140425_124233-768x576.jpg 768w, https:\/\/xn--dlggs-jua7b.ch\/wp-content\/uploads\/2022\/03\/20140425_124233-1536x1152.jpg 1536w, https:\/\/xn--dlggs-jua7b.ch\/wp-content\/uploads\/2022\/03\/20140425_124233-2048x1536.jpg 2048w, https:\/\/xn--dlggs-jua7b.ch\/wp-content\/uploads\/2022\/03\/20140425_124233-1568x1176.jpg 1568w\" sizes=\"auto, (max-width: 1024px) 100vw, 1024px\" \/><\/a><figcaption class=\"wp-element-caption\">2012: Wechselaufbau<\/figcaption><\/figure>\n<\/div>\n\n\n\n<div class=\"wp-block-column is-layout-flow wp-block-column-is-layout-flow\">\n<figure class=\"wp-block-image size-large\"><a href=\"https:\/\/xn--dlggs-jua7b.ch\/?page_id=368\"><img loading=\"lazy\" decoding=\"async\" width=\"1024\" height=\"677\" src=\"https:\/\/xn--dlggs-jua7b.ch\/wp-content\/uploads\/2021\/10\/doelueggs-Zisterne-1-1024x677.jpg\" alt=\"\" class=\"wp-image-97\" srcset=\"https:\/\/xn--dlggs-jua7b.ch\/wp-content\/uploads\/2021\/10\/doelueggs-Zisterne-1-1024x677.jpg 1024w, https:\/\/xn--dlggs-jua7b.ch\/wp-content\/uploads\/2021\/10\/doelueggs-Zisterne-1-300x198.jpg 300w, https:\/\/xn--dlggs-jua7b.ch\/wp-content\/uploads\/2021\/10\/doelueggs-Zisterne-1-768x507.jpg 768w, https:\/\/xn--dlggs-jua7b.ch\/wp-content\/uploads\/2021\/10\/doelueggs-Zisterne-1-1536x1015.jpg 1536w, https:\/\/xn--dlggs-jua7b.ch\/wp-content\/uploads\/2021\/10\/doelueggs-Zisterne-1-2048x1353.jpg 2048w, https:\/\/xn--dlggs-jua7b.ch\/wp-content\/uploads\/2021\/10\/doelueggs-Zisterne-1-1568x1036.jpg 1568w\" sizes=\"auto, (max-width: 1024px) 100vw, 1024px\" \/><\/a><figcaption class=\"wp-element-caption\">2014: Bierfass<\/figcaption><\/figure>\n<\/div>\n<\/div>\n\n\n\n<p><\/p>\n\n\n\n<div class=\"wp-block-columns alignwide are-vertically-aligned-top is-layout-flex wp-container-core-columns-is-layout-9d6595d7 wp-block-columns-is-layout-flex\">\n<div class=\"wp-block-column is-vertically-aligned-top is-layout-flow wp-block-column-is-layout-flow\">\n<h3 class=\"wp-block-heading\">Alles begann vor \u00fcber 35 Jahren&#8230;<\/h3>\n\n\n\n<p>Die ersten seri\u00f6sen Entw\u00fcrfe f\u00fcr den 2CV Sattelschlepper wurden Anfang 1989 in Johor Bahru (Malaysia) in ein kariertes Schulheft notiert.<\/p>\n\n\n\n<p>Dort findet sich auch die erste Erw\u00e4hnung des Namens &#171;D\u00f6l\u00fcggs&#187;, welcher ein phonetisches Augenzwinkern an die seinerzeit &#8211; vor allem bei amerikanischen Autos &#8211; weitverbreitete Bezeichnung &#171;de Luxe&#187; ist. Auf Schwyzerd\u00fctsch wird die Ente auch &#171;D\u00f6schwo&#187; genannt, was sich denn auch im &#171;D\u00f6&#187; vom &#171;D\u00f6l\u00fcggs&#187; spiegelt.<\/p>\n<\/div>\n\n\n\n<div class=\"wp-block-column is-vertically-aligned-top is-layout-flow wp-block-column-is-layout-flow\">\n<h3 class=\"wp-block-heading\">Bau und Umbau<\/h3>\n\n\n\n<p>Begonnen hat der Bau 1996 &#8211; mithin 6 Jahre nachdem der letzte 2CV vom Band gerollt war: Die zust\u00e4ndigen Beh\u00f6rden hatten so keine Bedenken, dass nun gleich hunderte solch extremer Umbauten auf die Strasse kommen, aber die Ersatzteilversorgung war noch hervorragend.<\/p>\n\n\n\n<p>Nat\u00fcrlich braucht D\u00f6l\u00fcggs immer wieder mal etwas Pflege &#8211; aber das h\u00e4lt mich jung und fit. 2016\/17 habe ich den Traktor und 2020\/21 den Sattelanh\u00e4nger &#171;von Grund auf&#187; neu aufgebaut: von der neuen Bodenplatte \u00fcber die Elektrik bis hin zum Gastank: Aktuelle Version: 3.11 (wie die erste brauchbare Version von Windows).<\/p>\n<\/div>\n\n\n\n<div class=\"wp-block-column is-vertically-aligned-top is-layout-flow wp-block-column-is-layout-flow\">\n<h3 class=\"wp-block-heading\">man kommt rum&#8230;<\/h3>\n\n\n\n<p>Inzwischen hat D\u00f6l\u00fcggs (franz\u00f6sisch: 2lux &#8211; wird aber genau gleich ausgesprochen) \u00fcber 100&#8217;000 eigene km auf dem Buckel &#8211; Von Griechenland bis Schweden und von Portugal bis an die russische Grenze: der ideale Reisewagen (f\u00fcr 2 Personen).<\/p>\n\n\n\n<p>Daneben ist er immer wieder gerngesehener Gast an gr\u00f6sseren und kleineren 2CV-Treffen im n\u00e4heren und weiteren In- und Ausland. <\/p>\n\n\n\n<p>&#8230;still going strong.<\/p>\n<\/div>\n<\/div>\n\n\n<p>Letzte gr\u00f6ssere \u00c4nderung: Februar 2026 &#8211; neue Seite <a href=\"https:\/\/d\u00f6l\u00fcggs.ch\/?page_id=2941\">2CV Welttreffen im Film<\/a>.\u00a0<br \/>Ansonsten kommen in unregelm\u00e4ssigen Abst\u00e4nden Updates auf die bestehenden Seiten. &#8211; Einfach mal st\u00f6bern gehen&#8230;<\/p>\n\n\n<div class=\"wp-block-columns is-layout-flex wp-container-core-columns-is-layout-9d6595d7 wp-block-columns-is-layout-flex\">\n<div class=\"wp-block-column is-layout-flow wp-block-column-is-layout-flow\">\n<div class=\"wp-block-buttons is-horizontal is-content-justification-center is-layout-flex wp-container-core-buttons-is-layout-499968f5 wp-block-buttons-is-layout-flex\">\n<div class=\"wp-block-button\"><a class=\"wp-block-button__link wp-element-button\" href=\"https:\/\/xn--dlggs-jua7b.ch\/?page_id=22\/\">\u00dcBER MICH<\/a><\/div>\n<\/div>\n\n\n\n<p><\/p>\n<\/div>\n\n\n\n<div class=\"wp-block-column is-layout-flow wp-block-column-is-layout-flow\">\n<div class=\"wp-block-buttons is-horizontal is-content-justification-center is-layout-flex wp-container-core-buttons-is-layout-499968f5 wp-block-buttons-is-layout-flex\">\n<div class=\"wp-block-button\"><a class=\"wp-block-button__link wp-element-button\" href=\"mailto:info@comunicon.ch?subject=Anfrage f\u00fcr 2CV-Sattelschlepper D\u00f6l\u00fcggs\">KONTAKT \/ Mail<\/a><\/div>\n<\/div>\n<\/div>\n<\/div>\n","protected":false},"excerpt":{"rendered":"<p>D\u00f6l\u00fcggs &#8211; Der Schweizer Citro\u00ebn 2CV Sattelschlepper -&gt; -&gt; -&gt; Klick auf eins der folgenden Bilder: &lt;- &lt;- &lt;- Alles begann vor \u00fcber 35 Jahren&#8230; Die ersten seri\u00f6sen Entw\u00fcrfe f\u00fcr den 2CV Sattelschlepper wurden Anfang 1989 in Johor Bahru (Malaysia) in ein kariertes Schulheft notiert. Dort findet sich auch die erste Erw\u00e4hnung des Namens &#171;D\u00f6l\u00fcggs&#187;, [&hellip;]<\/p>\n","protected":false},"author":2,"featured_media":0,"parent":0,"menu_order":0,"comment_status":"closed","ping_status":"closed","template":"","meta":{"footnotes":""},"class_list":["post-21","page","type-page","status-publish","hentry"],"_links":{"self":[{"href":"https:\/\/xn--dlggs-jua7b.ch\/index.php?rest_route=\/wp\/v2\/pages\/21","targetHints":{"allow":["GET"]}}],"collection":[{"href":"https:\/\/xn--dlggs-jua7b.ch\/index.php?rest_route=\/wp\/v2\/pages"}],"about":[{"href":"https:\/\/xn--dlggs-jua7b.ch\/index.php?rest_route=\/wp\/v2\/types\/page"}],"author":[{"embeddable":true,"href":"https:\/\/xn--dlggs-jua7b.ch\/index.php?rest_route=\/wp\/v2\/users\/2"}],"replies":[{"embeddable":true,"href":"https:\/\/xn--dlggs-jua7b.ch\/index.php?rest_route=%2Fwp%2Fv2%2Fcomments&post=21"}],"version-history":[{"count":136,"href":"https:\/\/xn--dlggs-jua7b.ch\/index.php?rest_route=\/wp\/v2\/pages\/21\/revisions"}],"predecessor-version":[{"id":2956,"href":"https:\/\/xn--dlggs-jua7b.ch\/index.php?rest_route=\/wp\/v2\/pages\/21\/revisions\/2956"}],"wp:attachment":[{"href":"https:\/\/xn--dlggs-jua7b.ch\/index.php?rest_route=%2Fwp%2Fv2%2Fmedia&parent=21"}],"curies":[{"name":"wp","href":"https:\/\/api.w.org\/{rel}","templated":true}]}}