{"id":1413,"date":"2023-08-20T16:51:58","date_gmt":"2023-08-20T14:51:58","guid":{"rendered":"https:\/\/xn--dlggs-jua7b.ch\/?page_id=1413"},"modified":"2025-11-30T12:24:25","modified_gmt":"2025-11-30T11:24:25","slug":"doelueggs-am-wet-2023-in-delemont","status":"publish","type":"page","link":"https:\/\/xn--dlggs-jua7b.ch\/?page_id=1413","title":{"rendered":"D\u00f6l\u00fcggs am WET 2023 in Del\u00e9mont"},"content":{"rendered":"\n<p>Ja, er war auch da. Von der Logistik her ein mittlerer Albtraum, aber wir habens&#8216; dank der tatkr\u00e4ftigen Hilfe von Carl und Felix Geldmacher, dem Mietanh\u00e4nger von Hans Peter Fust und der Bierreserve von Getr\u00e4nke Engel in Biel geschafft. Besonderer Dank an dieser Stelle nochmal an Felix, der die ganze Woche ein super Reisebegleiter war und viele Probleme schon gel\u00f6st, bevor ich sie \u00fcberhaupt bemerkt hatte. Chapeau! Spezieller Dank auch an Carl, der beim Auf- und Abladen eine unsch\u00e4tzbare Hilfe war.<\/p>\n\n\n\n<div class=\"wp-block-columns is-layout-flex wp-container-core-columns-is-layout-9d6595d7 wp-block-columns-is-layout-flex\">\n<div class=\"wp-block-column is-layout-flow wp-block-column-is-layout-flow\">\n<figure class=\"wp-block-image size-large is-resized\"><img loading=\"lazy\" decoding=\"async\" width=\"1024\" height=\"768\" src=\"https:\/\/xn--dlggs-jua7b.ch\/wp-content\/uploads\/2023\/08\/Platz-vorher-IMG20230723134621-1024x768.jpg\" alt=\"\" class=\"wp-image-1519\" style=\"width:177px;height:133px\" srcset=\"https:\/\/xn--dlggs-jua7b.ch\/wp-content\/uploads\/2023\/08\/Platz-vorher-IMG20230723134621-1024x768.jpg 1024w, https:\/\/xn--dlggs-jua7b.ch\/wp-content\/uploads\/2023\/08\/Platz-vorher-IMG20230723134621-300x225.jpg 300w, https:\/\/xn--dlggs-jua7b.ch\/wp-content\/uploads\/2023\/08\/Platz-vorher-IMG20230723134621-768x576.jpg 768w, https:\/\/xn--dlggs-jua7b.ch\/wp-content\/uploads\/2023\/08\/Platz-vorher-IMG20230723134621-1536x1152.jpg 1536w, https:\/\/xn--dlggs-jua7b.ch\/wp-content\/uploads\/2023\/08\/Platz-vorher-IMG20230723134621-2048x1536.jpg 2048w, https:\/\/xn--dlggs-jua7b.ch\/wp-content\/uploads\/2023\/08\/Platz-vorher-IMG20230723134621-1568x1176.jpg 1568w\" sizes=\"auto, (max-width: 1024px) 100vw, 1024px\" \/><figcaption class=\"wp-element-caption\">Vor dem Sturm<\/figcaption><\/figure>\n<\/div>\n\n\n\n<div class=\"wp-block-column is-layout-flow wp-block-column-is-layout-flow\">\n<figure class=\"wp-block-image size-large\"><img loading=\"lazy\" decoding=\"async\" width=\"768\" height=\"1024\" src=\"https:\/\/xn--dlggs-jua7b.ch\/wp-content\/uploads\/2023\/08\/Felix-IMG20230724201043-768x1024.jpg\" alt=\"\" class=\"wp-image-1414\" srcset=\"https:\/\/xn--dlggs-jua7b.ch\/wp-content\/uploads\/2023\/08\/Felix-IMG20230724201043-768x1024.jpg 768w, https:\/\/xn--dlggs-jua7b.ch\/wp-content\/uploads\/2023\/08\/Felix-IMG20230724201043-225x300.jpg 225w, https:\/\/xn--dlggs-jua7b.ch\/wp-content\/uploads\/2023\/08\/Felix-IMG20230724201043-1152x1536.jpg 1152w, https:\/\/xn--dlggs-jua7b.ch\/wp-content\/uploads\/2023\/08\/Felix-IMG20230724201043-1536x2048.jpg 1536w, https:\/\/xn--dlggs-jua7b.ch\/wp-content\/uploads\/2023\/08\/Felix-IMG20230724201043-1568x2091.jpg 1568w, https:\/\/xn--dlggs-jua7b.ch\/wp-content\/uploads\/2023\/08\/Felix-IMG20230724201043-scaled.jpg 1920w\" sizes=\"auto, (max-width: 768px) 100vw, 768px\" \/><figcaption class=\"wp-element-caption\">Treuer Kamerad Felix<\/figcaption><\/figure>\n<\/div>\n\n\n\n<div class=\"wp-block-column is-layout-flow wp-block-column-is-layout-flow\">\n<figure class=\"wp-block-image size-large\"><img loading=\"lazy\" decoding=\"async\" width=\"1024\" height=\"768\" src=\"https:\/\/xn--dlggs-jua7b.ch\/wp-content\/uploads\/2023\/08\/Platz-bevor-IMG20230725075601-1024x768.jpg\" alt=\"\" class=\"wp-image-1415\" srcset=\"https:\/\/xn--dlggs-jua7b.ch\/wp-content\/uploads\/2023\/08\/Platz-bevor-IMG20230725075601-1024x768.jpg 1024w, https:\/\/xn--dlggs-jua7b.ch\/wp-content\/uploads\/2023\/08\/Platz-bevor-IMG20230725075601-300x225.jpg 300w, https:\/\/xn--dlggs-jua7b.ch\/wp-content\/uploads\/2023\/08\/Platz-bevor-IMG20230725075601-768x576.jpg 768w, https:\/\/xn--dlggs-jua7b.ch\/wp-content\/uploads\/2023\/08\/Platz-bevor-IMG20230725075601-1536x1152.jpg 1536w, https:\/\/xn--dlggs-jua7b.ch\/wp-content\/uploads\/2023\/08\/Platz-bevor-IMG20230725075601-2048x1536.jpg 2048w, https:\/\/xn--dlggs-jua7b.ch\/wp-content\/uploads\/2023\/08\/Platz-bevor-IMG20230725075601-1568x1176.jpg 1568w\" sizes=\"auto, (max-width: 1024px) 100vw, 1024px\" \/><figcaption class=\"wp-element-caption\">Die Sonderschau, fertig eingerichtet nach dem Sturm<\/figcaption><\/figure>\n<\/div>\n<\/div>\n\n\n\n<figure class=\"wp-block-video\"><video height=\"640\" style=\"aspect-ratio: 360 \/ 640;\" width=\"360\" controls src=\"https:\/\/xn--dlggs-jua7b.ch\/wp-content\/uploads\/2024\/07\/Videodetails-YouTube-Studio.mp4\"><\/video><figcaption class=\"wp-element-caption\">Der lange vermisste Beitrag von Felix: nach dem Aufbau, bereit f\u00fcr die Besucher.<\/figcaption><\/figure>\n\n\n\n<p>Die erste Fuhre mit Material und Mietanh\u00e4nger haben Carl und ich am Sonntag, den 23.7.2023 als Tagestour nach Del\u00e9mont verbracht. Das Materialzelt aufgestellt und schon mal alles N\u00f6tige und Wichtige in den Schutz gebracht. Hat aber wenig genutzt, da es in der darauf folgenden Nacht einen schweren Sturm mit Windgeschwindigkeiten \u00fcber 200 km\/h gab, der nicht nur unser Materialzelt geknickt, sondern auch gleich noch die dahinter stehenden und massivst abgest\u00fctzten Absperrgitter umgeblasen hat. Da nutzt dann auch nicht, dass wir das Zelt mit Spannsets am Gitter befestigt hatten. Im zweiten Anlauf haben wir die Sturmverspannung massiv verst\u00e4rkt. Das hat dann mehr oder weniger gehalten.<\/p>\n\n\n\n<p>D\u00f6l\u00fcggs Ausstellungs-Rundreise von <a rel=\"noreferrer noopener\" href=\"https:\/\/www.youtube.com\/@MrLemmy765\" data-type=\"link\" data-id=\"https:\/\/www.youtube.com\/@MrLemmy765\" target=\"_blank\">LemmySwiss<\/a>, der zur richtigen Zeit am richtigen Ort war:<\/p>\n\n\n\n<figure class=\"wp-block-embed is-type-video is-provider-youtube wp-block-embed-youtube wp-embed-aspect-16-9 wp-has-aspect-ratio\"><div class=\"wp-block-embed__wrapper\">\n<iframe loading=\"lazy\" title=\"\ud83e\udd20  CITRO\u00cbN 2CV   EXCLUSIVE CUSTOM VANTOUR\" width=\"580\" height=\"326\" src=\"https:\/\/www.youtube.com\/embed\/M8h3HAhcuTg?feature=oembed\" frameborder=\"0\" allow=\"accelerometer; autoplay; clipboard-write; encrypted-media; gyroscope; picture-in-picture; web-share\" referrerpolicy=\"strict-origin-when-cross-origin\" allowfullscreen><\/iframe>\n<\/div><figcaption class=\"wp-element-caption\">Dreieinhalb Minuten &#171;D\u00f6l\u00fcggs life&#187;<\/figcaption><\/figure>\n\n\n\n<p>Mit etwas Versp\u00e4tung auch der Beitrag vom Welttreffen-Veranstalter selbst, auf der &#171;Virtual 360 degree Tour&#187; der Welttreffen-Seite: D\u00f6l\u00fcggs ist zu finden unter Ausstellung\/D\u00f6l\u00fcggs.<\/p>\n\n\n\n<p>Die ersten zwei Tage war das Wetter dann noch sehr durchwachsen: die Mulde vom WeLaKi war halb voll mit Regenwasser. Gut war die Zeit mit Daniel und Yves, die den Bierkonsum angeheizt und mich w\u00e4hrend des Treffens unterhalten und immer mal wieder unterst\u00fctzt haben. Das beste Wetter war am Donnerstag, so dass den ganzen Tag Hochbetrieb rund um den D\u00f6l\u00fcggs war:<\/p>\n\n\n\n<div class=\"wp-block-columns is-layout-flex wp-container-core-columns-is-layout-9d6595d7 wp-block-columns-is-layout-flex\">\n<div class=\"wp-block-column is-layout-flow wp-block-column-is-layout-flow\">\n<figure class=\"wp-block-image size-large\"><img loading=\"lazy\" decoding=\"async\" width=\"1024\" height=\"768\" src=\"https:\/\/xn--dlggs-jua7b.ch\/wp-content\/uploads\/2023\/08\/DL-Festbetrieb-1-IMG20230728160920-1024x768.jpg\" alt=\"\" class=\"wp-image-1417\" srcset=\"https:\/\/xn--dlggs-jua7b.ch\/wp-content\/uploads\/2023\/08\/DL-Festbetrieb-1-IMG20230728160920-1024x768.jpg 1024w, https:\/\/xn--dlggs-jua7b.ch\/wp-content\/uploads\/2023\/08\/DL-Festbetrieb-1-IMG20230728160920-300x225.jpg 300w, https:\/\/xn--dlggs-jua7b.ch\/wp-content\/uploads\/2023\/08\/DL-Festbetrieb-1-IMG20230728160920-768x576.jpg 768w, https:\/\/xn--dlggs-jua7b.ch\/wp-content\/uploads\/2023\/08\/DL-Festbetrieb-1-IMG20230728160920-1536x1152.jpg 1536w, https:\/\/xn--dlggs-jua7b.ch\/wp-content\/uploads\/2023\/08\/DL-Festbetrieb-1-IMG20230728160920-2048x1536.jpg 2048w, https:\/\/xn--dlggs-jua7b.ch\/wp-content\/uploads\/2023\/08\/DL-Festbetrieb-1-IMG20230728160920-1568x1176.jpg 1568w\" sizes=\"auto, (max-width: 1024px) 100vw, 1024px\" \/><\/figure>\n<\/div>\n\n\n\n<div class=\"wp-block-column is-layout-flow wp-block-column-is-layout-flow\">\n<figure class=\"wp-block-image size-large\"><img loading=\"lazy\" decoding=\"async\" width=\"1024\" height=\"768\" src=\"https:\/\/xn--dlggs-jua7b.ch\/wp-content\/uploads\/2023\/08\/DL-Festbetrieb-2-IMG20230728160920-1024x768.jpg\" alt=\"\" class=\"wp-image-1418\" srcset=\"https:\/\/xn--dlggs-jua7b.ch\/wp-content\/uploads\/2023\/08\/DL-Festbetrieb-2-IMG20230728160920-1024x768.jpg 1024w, https:\/\/xn--dlggs-jua7b.ch\/wp-content\/uploads\/2023\/08\/DL-Festbetrieb-2-IMG20230728160920-300x225.jpg 300w, https:\/\/xn--dlggs-jua7b.ch\/wp-content\/uploads\/2023\/08\/DL-Festbetrieb-2-IMG20230728160920-768x576.jpg 768w, https:\/\/xn--dlggs-jua7b.ch\/wp-content\/uploads\/2023\/08\/DL-Festbetrieb-2-IMG20230728160920-1536x1152.jpg 1536w, https:\/\/xn--dlggs-jua7b.ch\/wp-content\/uploads\/2023\/08\/DL-Festbetrieb-2-IMG20230728160920-2048x1536.jpg 2048w, https:\/\/xn--dlggs-jua7b.ch\/wp-content\/uploads\/2023\/08\/DL-Festbetrieb-2-IMG20230728160920-1568x1176.jpg 1568w\" sizes=\"auto, (max-width: 1024px) 100vw, 1024px\" \/><\/figure>\n<\/div>\n\n\n\n<div class=\"wp-block-column is-layout-flow wp-block-column-is-layout-flow\">\n<figure class=\"wp-block-image size-large\"><img loading=\"lazy\" decoding=\"async\" width=\"1024\" height=\"768\" src=\"https:\/\/xn--dlggs-jua7b.ch\/wp-content\/uploads\/2023\/08\/DL-Festbetrieb-3-IMG20230728160920-1024x768.jpg\" alt=\"\" class=\"wp-image-1419\" srcset=\"https:\/\/xn--dlggs-jua7b.ch\/wp-content\/uploads\/2023\/08\/DL-Festbetrieb-3-IMG20230728160920-1024x768.jpg 1024w, https:\/\/xn--dlggs-jua7b.ch\/wp-content\/uploads\/2023\/08\/DL-Festbetrieb-3-IMG20230728160920-300x225.jpg 300w, https:\/\/xn--dlggs-jua7b.ch\/wp-content\/uploads\/2023\/08\/DL-Festbetrieb-3-IMG20230728160920-768x576.jpg 768w, https:\/\/xn--dlggs-jua7b.ch\/wp-content\/uploads\/2023\/08\/DL-Festbetrieb-3-IMG20230728160920-1536x1152.jpg 1536w, https:\/\/xn--dlggs-jua7b.ch\/wp-content\/uploads\/2023\/08\/DL-Festbetrieb-3-IMG20230728160920-2048x1536.jpg 2048w, https:\/\/xn--dlggs-jua7b.ch\/wp-content\/uploads\/2023\/08\/DL-Festbetrieb-3-IMG20230728160920-1568x1176.jpg 1568w\" sizes=\"auto, (max-width: 1024px) 100vw, 1024px\" \/><\/figure>\n<\/div>\n<\/div>\n\n\n\n<p>A propos Donnerstag: Das war dann auch der Tag, an dem sich der Gauloises &#8211; Sattelschlepper von  Werner und Arndt mit D\u00f6l\u00fcggs getroffen hat:<\/p>\n\n\n\n<div class=\"wp-block-columns is-layout-flex wp-container-core-columns-is-layout-9d6595d7 wp-block-columns-is-layout-flex\">\n<div class=\"wp-block-column is-layout-flow wp-block-column-is-layout-flow\">\n<figure class=\"wp-block-image size-large\"><img loading=\"lazy\" decoding=\"async\" width=\"1024\" height=\"768\" src=\"https:\/\/xn--dlggs-jua7b.ch\/wp-content\/uploads\/2023\/08\/GuD-L--1024x768.jpg\" alt=\"\" class=\"wp-image-1421\" srcset=\"https:\/\/xn--dlggs-jua7b.ch\/wp-content\/uploads\/2023\/08\/GuD-L--1024x768.jpg 1024w, https:\/\/xn--dlggs-jua7b.ch\/wp-content\/uploads\/2023\/08\/GuD-L--300x225.jpg 300w, https:\/\/xn--dlggs-jua7b.ch\/wp-content\/uploads\/2023\/08\/GuD-L--768x576.jpg 768w, https:\/\/xn--dlggs-jua7b.ch\/wp-content\/uploads\/2023\/08\/GuD-L--1536x1152.jpg 1536w, https:\/\/xn--dlggs-jua7b.ch\/wp-content\/uploads\/2023\/08\/GuD-L--2048x1536.jpg 2048w, https:\/\/xn--dlggs-jua7b.ch\/wp-content\/uploads\/2023\/08\/GuD-L--1568x1176.jpg 1568w\" sizes=\"auto, (max-width: 1024px) 100vw, 1024px\" \/><\/figure>\n<\/div>\n\n\n\n<div class=\"wp-block-column is-layout-flow wp-block-column-is-layout-flow\">\n<figure class=\"wp-block-image size-large\"><a href=\"https:\/\/xn--dlggs-jua7b.ch\/wp-content\/uploads\/2023\/08\/Schoene-Hinterteile-Heckansichten-Goloas-2lux.jpg\" target=\"_blank\" rel=\"noreferrer noopener\"><img loading=\"lazy\" decoding=\"async\" width=\"1024\" height=\"768\" src=\"https:\/\/xn--dlggs-jua7b.ch\/wp-content\/uploads\/2023\/08\/GuD-Besitzer-IMG20230729105536-1024x768.jpg\" alt=\"\" class=\"wp-image-1422\" srcset=\"https:\/\/xn--dlggs-jua7b.ch\/wp-content\/uploads\/2023\/08\/GuD-Besitzer-IMG20230729105536-1024x768.jpg 1024w, https:\/\/xn--dlggs-jua7b.ch\/wp-content\/uploads\/2023\/08\/GuD-Besitzer-IMG20230729105536-300x225.jpg 300w, https:\/\/xn--dlggs-jua7b.ch\/wp-content\/uploads\/2023\/08\/GuD-Besitzer-IMG20230729105536-768x576.jpg 768w, https:\/\/xn--dlggs-jua7b.ch\/wp-content\/uploads\/2023\/08\/GuD-Besitzer-IMG20230729105536-1536x1152.jpg 1536w, https:\/\/xn--dlggs-jua7b.ch\/wp-content\/uploads\/2023\/08\/GuD-Besitzer-IMG20230729105536-2048x1536.jpg 2048w, https:\/\/xn--dlggs-jua7b.ch\/wp-content\/uploads\/2023\/08\/GuD-Besitzer-IMG20230729105536-1568x1176.jpg 1568w\" sizes=\"auto, (max-width: 1024px) 100vw, 1024px\" \/><\/a><figcaption class=\"wp-element-caption\">Klick mich &#8211; ich zeige Dir sch\u00f6ne Hinterteile \ud83d\ude09<\/figcaption><\/figure>\n<\/div>\n\n\n\n<div class=\"wp-block-column is-layout-flow wp-block-column-is-layout-flow\">\n<figure class=\"wp-block-image size-large\"><img loading=\"lazy\" decoding=\"async\" width=\"1024\" height=\"768\" src=\"https:\/\/xn--dlggs-jua7b.ch\/wp-content\/uploads\/2023\/08\/GuD-R-30729105143-1024x768.jpg\" alt=\"\" class=\"wp-image-1423\" srcset=\"https:\/\/xn--dlggs-jua7b.ch\/wp-content\/uploads\/2023\/08\/GuD-R-30729105143-1024x768.jpg 1024w, https:\/\/xn--dlggs-jua7b.ch\/wp-content\/uploads\/2023\/08\/GuD-R-30729105143-300x225.jpg 300w, https:\/\/xn--dlggs-jua7b.ch\/wp-content\/uploads\/2023\/08\/GuD-R-30729105143-768x576.jpg 768w, https:\/\/xn--dlggs-jua7b.ch\/wp-content\/uploads\/2023\/08\/GuD-R-30729105143-1536x1152.jpg 1536w, https:\/\/xn--dlggs-jua7b.ch\/wp-content\/uploads\/2023\/08\/GuD-R-30729105143-2048x1536.jpg 2048w, https:\/\/xn--dlggs-jua7b.ch\/wp-content\/uploads\/2023\/08\/GuD-R-30729105143-1568x1176.jpg 1568w\" sizes=\"auto, (max-width: 1024px) 100vw, 1024px\" \/><\/figure>\n<\/div>\n<\/div>\n\n\n\n<p>&#8230;und es gibt sogar ein Video dazu:<\/p>\n\n\n\n<figure class=\"wp-block-embed is-type-video is-provider-youtube wp-block-embed-youtube wp-embed-aspect-16-9 wp-has-aspect-ratio\"><div class=\"wp-block-embed__wrapper\">\n<iframe loading=\"lazy\" title=\"D\u00f6l\u00fcggs meets Gauloises 2CV truck\" width=\"580\" height=\"326\" src=\"https:\/\/www.youtube.com\/embed\/5ySWL857Als?feature=oembed\" frameborder=\"0\" allow=\"accelerometer; autoplay; clipboard-write; encrypted-media; gyroscope; picture-in-picture; web-share\" referrerpolicy=\"strict-origin-when-cross-origin\" allowfullscreen><\/iframe>\n<\/div><figcaption class=\"wp-element-caption\">v.l.n.r. D\u00f6l\u00fcggs, Werner, Bernd, Arndt und Goloas<\/figcaption><\/figure>\n\n\n\n<p>Was wir hier jetzt nicht ausdr\u00fccklich erw\u00e4hnen wollen ist, dass ich bei der Zufahrt das erste Mal seit 15 Jahren nicht mein Mantra zum Ankuppeln abgebetet habe &#8211; und mir daher prompt auch der Auflieger vom Sattel gerutscht ist. Nur gut standen so viele Zuschauer darum herum, so dass das Anheben des Aufliegers und dann das <strong>richtige<\/strong> Ankuppeln m\u00fchelos von statten ging. Was bleibt ist eine kaputte Abdeckplane und ein verbeultes Heckblech.<\/p>\n\n\n\n<figure class=\"wp-block-image size-large\"><img loading=\"lazy\" decoding=\"async\" width=\"1024\" height=\"768\" src=\"https:\/\/xn--dlggs-jua7b.ch\/wp-content\/uploads\/2023\/08\/Heckschaden-IMG20230808082811-1024x768.jpg\" alt=\"\" class=\"wp-image-1424\" srcset=\"https:\/\/xn--dlggs-jua7b.ch\/wp-content\/uploads\/2023\/08\/Heckschaden-IMG20230808082811-1024x768.jpg 1024w, https:\/\/xn--dlggs-jua7b.ch\/wp-content\/uploads\/2023\/08\/Heckschaden-IMG20230808082811-300x225.jpg 300w, https:\/\/xn--dlggs-jua7b.ch\/wp-content\/uploads\/2023\/08\/Heckschaden-IMG20230808082811-768x576.jpg 768w, https:\/\/xn--dlggs-jua7b.ch\/wp-content\/uploads\/2023\/08\/Heckschaden-IMG20230808082811-1536x1152.jpg 1536w, https:\/\/xn--dlggs-jua7b.ch\/wp-content\/uploads\/2023\/08\/Heckschaden-IMG20230808082811-2048x1536.jpg 2048w, https:\/\/xn--dlggs-jua7b.ch\/wp-content\/uploads\/2023\/08\/Heckschaden-IMG20230808082811-1568x1176.jpg 1568w\" sizes=\"auto, (max-width: 1024px) 100vw, 1024px\" \/><figcaption class=\"wp-element-caption\">Heckblech verbeult. Ebenso die Querspriegel der Abdeckplane <\/figcaption><\/figure>\n\n\n\n<p><strong>Das Wochenende vom 2CV Welttreffen war angef\u00fcllt mit viel Betrieb und einem Riesenfest in der H\u00fctte. Der ganze Platz hat gerockt! Sorry &#8211; keine Photos, kein Video \ud83d\ude09<\/strong><\/p>\n\n\n\n<p>Am Sonntag haben Felix und ich dann den ganzen Verlag wieder abgebaut und &#8211; soweit m\u00f6glich und n\u00f6tig &#8211; in den Mietanh\u00e4nger verstaut. Das Green Monster und D\u00f6l\u00fcggs samt Auflieger sind dann noch gleichentags zur\u00fcck nach Teufen gefahren. Zu guter Letzt hab ich dann noch den Felix mit dem Grimi nach Rorschach gefahren. Und um Mitternacht war endg\u00fcltig Sendeschluss.<\/p>\n\n\n\n<figure class=\"wp-block-image size-large\"><img loading=\"lazy\" decoding=\"async\" width=\"1024\" height=\"768\" src=\"https:\/\/xn--dlggs-jua7b.ch\/wp-content\/uploads\/2023\/08\/Abfahrt-IMG20230731120938-1024x768.jpg\" alt=\"\" class=\"wp-image-1428\" srcset=\"https:\/\/xn--dlggs-jua7b.ch\/wp-content\/uploads\/2023\/08\/Abfahrt-IMG20230731120938-1024x768.jpg 1024w, https:\/\/xn--dlggs-jua7b.ch\/wp-content\/uploads\/2023\/08\/Abfahrt-IMG20230731120938-300x225.jpg 300w, https:\/\/xn--dlggs-jua7b.ch\/wp-content\/uploads\/2023\/08\/Abfahrt-IMG20230731120938-768x576.jpg 768w, https:\/\/xn--dlggs-jua7b.ch\/wp-content\/uploads\/2023\/08\/Abfahrt-IMG20230731120938-1536x1152.jpg 1536w, https:\/\/xn--dlggs-jua7b.ch\/wp-content\/uploads\/2023\/08\/Abfahrt-IMG20230731120938-2048x1536.jpg 2048w, https:\/\/xn--dlggs-jua7b.ch\/wp-content\/uploads\/2023\/08\/Abfahrt-IMG20230731120938-1568x1176.jpg 1568w\" sizes=\"auto, (max-width: 1024px) 100vw, 1024px\" \/><figcaption class=\"wp-element-caption\">&#8230;irgendwie f\u00e4llt schon auf, wo die einzelnen Schaust\u00fccke gestanden haben: <br>Wo die Besucher waren, w\u00e4chst kein Gras mehr&#8230;<\/figcaption><\/figure>\n\n\n\n<p>Am Montag haben dann Carl und ich mit dem CanDo2 als &#171;Tagestour&#187; noch den Mietanh\u00e4nger abgeholt. Heimfahrt mit einem kleinen Umweg \u00fcber Chur, um Carl&#8217;s Sonnenschirm auch gleich noch an den richtigen Ort zu bringen. Und damit im Endeffekt 200 km f\u00fcr eine spezielle &#171;Sonnenschirmfahrt&#187; gespart. Das &#171;Retablieren&#187; (Schwyzerd\u00fctsch f\u00fcr den ganzen Rattenschwanz an Arbeit und Ausgaben, der halt erst nach so einer Ausstellung anf\u00e4llt) dauert  an.<\/p>\n\n\n\n<div class=\"wp-block-buttons is-layout-flex wp-block-buttons-is-layout-flex\">\n<div class=\"wp-block-button\"><a class=\"wp-block-button__link wp-element-button\" href=\"https:\/\/xn--dlggs-jua7b.ch\/\">Zur\u00fcck zur Hauptseite<\/a><\/div>\n<\/div>\n\n\n\n<p><\/p>\n","protected":false},"excerpt":{"rendered":"<p>Ja, er war auch da. Von der Logistik her ein mittlerer Albtraum, aber wir habens&#8216; dank der tatkr\u00e4ftigen Hilfe von Carl und Felix Geldmacher, dem Mietanh\u00e4nger von Hans Peter Fust und der Bierreserve von Getr\u00e4nke Engel in Biel geschafft. Besonderer Dank an dieser Stelle nochmal an Felix, der die ganze Woche ein super Reisebegleiter war [&hellip;]<\/p>\n","protected":false},"author":2,"featured_media":0,"parent":0,"menu_order":0,"comment_status":"closed","ping_status":"closed","template":"","meta":{"footnotes":""},"class_list":["post-1413","page","type-page","status-publish","hentry"],"_links":{"self":[{"href":"https:\/\/xn--dlggs-jua7b.ch\/index.php?rest_route=\/wp\/v2\/pages\/1413","targetHints":{"allow":["GET"]}}],"collection":[{"href":"https:\/\/xn--dlggs-jua7b.ch\/index.php?rest_route=\/wp\/v2\/pages"}],"about":[{"href":"https:\/\/xn--dlggs-jua7b.ch\/index.php?rest_route=\/wp\/v2\/types\/page"}],"author":[{"embeddable":true,"href":"https:\/\/xn--dlggs-jua7b.ch\/index.php?rest_route=\/wp\/v2\/users\/2"}],"replies":[{"embeddable":true,"href":"https:\/\/xn--dlggs-jua7b.ch\/index.php?rest_route=%2Fwp%2Fv2%2Fcomments&post=1413"}],"version-history":[{"count":42,"href":"https:\/\/xn--dlggs-jua7b.ch\/index.php?rest_route=\/wp\/v2\/pages\/1413\/revisions"}],"predecessor-version":[{"id":2857,"href":"https:\/\/xn--dlggs-jua7b.ch\/index.php?rest_route=\/wp\/v2\/pages\/1413\/revisions\/2857"}],"wp:attachment":[{"href":"https:\/\/xn--dlggs-jua7b.ch\/index.php?rest_route=%2Fwp%2Fv2%2Fmedia&parent=1413"}],"curies":[{"name":"wp","href":"https:\/\/api.w.org\/{rel}","templated":true}]}}